{"id":603,"date":"2020-07-09T15:43:55","date_gmt":"2020-07-09T13:43:55","guid":{"rendered":"https:\/\/gemelligenerator.it\/?page_id=603"},"modified":"2020-07-20T17:06:52","modified_gmt":"2020-07-20T15:06:52","slug":"condizioni-di-utilizzo","status":"publish","type":"page","link":"https:\/\/gemelligenerator.it\/it\/condizioni-di-utilizzo\/","title":{"rendered":"Condizioni di utilizzo"},"content":{"rendered":"\n<p><strong>Garanzie e limitazioni di responsabilit\u00e0<\/strong><\/p>\n\n\n\n<p>Ogni visitatore \u00e8 pregato di leggere attentamente le seguenti condizioni di utilizzo e\/o consultazione del Portale. Il fatto di proseguire nell\u2019utilizzo o consultazione costituisce completa accettazione delle condizioni stesse da parte del visitatore.<\/p>\n\n\n\n<ol class=\"wp-block-list\"><li>L\u2019intero contenuto di questo Portale \u00e8 tutelato dal diritto d\u2019autore. Nessuna parte del portale, nessun marchio, nessun contenuto, logo, grafica, suono o immagine pu\u00f2 essere riprodotto, ritrasmesso o altrimenti utilizzato senza l\u2019espresso consenso del il Policlinico Universitario A. Gemelli IRCCS.<\/li><li>Si \u00e8 operato ogni ragionevole sforzo al fine di inserire nel Portale dati precisi ed aggiornati. Tuttavia il Policlinico Universitario A. Gemelli IRCCS non risponde in alcun modo dei dati contenuti nel Portale per qualsiasi finalit\u00e0. Documenti e grafica si intendono disponibili cos\u00ec come forniti, senza alcun tipo di garanzia. L\u2019accesso ai dati, il loro uso e il contenuto degli stessi, si intendono a rischio e pericolo dell\u2019utilizzatore. il Policlinico Universitario A. Gemelli IRCCS&nbsp; non sar\u00e0 in alcun caso tenuta a rispondere di danni particolari diretti, indiretti o conseguenti, di qualsiasi natura, derivanti dall\u2019uso o dall\u2019affidabilit\u00e0 dei dati disponibili nel Portale. La documentazione sui prodotti farmaceutici non \u00e8 alternativa alla consultazione del medico o di altro professionista sanitario qualificato. Il visitatore\/utilizzatore che desideri ricevere consigli su un problema specifico di salute dovr\u00e0 pertanto consultare il proprio medico. I documenti e la relativa grafica pubblicati su questo portale potrebbero contenere imprecisioni tecniche o errori tipografici. I dati qui inseriti vengono periodicamente aggiornati. Il Policlinico Universitario A. Gemelli IRCCS ha la facolt\u00e0 di apportare in qualsiasi momento miglioramenti e\/o cambiamenti ai dati pubblicati nel Portale.<\/li><li>Attraverso i link si esce dal presente Portale. I siti collegati di terze parti sono al di fuori del controllo del Policlinico Universitario A. Gemelli IRCCS e nessuno degli enti facenti capo al Policlinico \u00e8 responsabile dei contenuti di tali siti collegati, n\u00e9 di alcuno dei link a loro volta contenuti in un sito collegato, n\u00e9 delle modifiche o degli aggiornamenti di tali siti. Nessuno degli enti facenti capo al Policlinico \u00e8 altres\u00ec responsabile di trasmissioni in rete o in qualsivoglia altra forma da parte di alcun sito di terze parti collegato. I link vengono forniti al visitatore esclusivamente per comodit\u00e0 e l\u2019inclusione di qualsiasi link non implica alcun avallo del relativo sito del Policlinico Universitario A. Gemelli IRCCS. In particolare, le informazioni contenute nel nuovo sito prescelto possono non essere conformi al D.Lvo 541\/92 che regola la pubblicit\u00e0 sui medicinali per uso umano e le opinioni espresse non riflettono necessariamente le posizioni del Policlinico Universitario A. Gemelli IRCCS, n\u00e9 sono da essa avallate.<\/li><li>Le visite al Portale possono essere tracciate senza uso di cookie. Il Policlinico Universitario A. Gemelli IRCCS avr\u00e0 facolt\u00e0 di servirsi di tali registrazioni per valutazioni statistiche, per assicurare continuit\u00e0 di servizio e per il miglioramento dei propri siti web. Si prega di non usare il servizio se si \u00e8 in disaccordo con tale prassi.<\/li><li>L\u2019accesso ad alcune informazioni relative alle specialit\u00e0 medicinali con obbligo di prescrizione \u00e8 riservato, come per legge, ai soli operatori sanitari (medici e farmacisti) tramite apposita registrazione dei loro dati e abilitazione tramite concessione di password.<\/li><li>Il Portale consente l\u2019accesso al pubblico senza scaricare alcun tipo di cookie o spyware nel PC del visitatore. Per le parti o sezioni del Portale eventualmente soggette a registrazione dei dati personali si rimanda all\u2019<a href=\"https:\/\/www.policlinicogemelli.it\/privacy-policy\/\">informativa privacy<\/a>&nbsp;.<\/li><\/ol>\n\n\n\n<p><strong>Sponsorizzazioni<\/strong><\/p>\n\n\n\n<p>Il progetto&nbsp;<a href=\"http:\/\/www.policlinicogemelli.it\/\" target=\"_blank\" rel=\"noreferrer noopener\">policlinicogemelli.it<\/a>&nbsp;in quanto tale non \u00e8 sostenuto da sponsor.<br>Eventuali inserzioni a pagamento o messaggi pubblicitari vengono chiaramente indicati.<\/p>\n","protected":false},"excerpt":{"rendered":"<p>Garanzie e limitazioni di responsabilit\u00e0 Ogni visitatore \u00e8 pregato di leggere attentamente le seguenti condizioni di utilizzo e\/o consultazione del Portale. Il fatto di proseguire nell\u2019utilizzo o consultazione costituisce completa accettazione delle condizioni stesse da parte del visitatore. L\u2019intero contenuto di questo Portale \u00e8 tutelato dal diritto d\u2019autore. Nessuna parte del portale, nessun marchio, nessun [&hellip;]<\/p>\n","protected":false},"author":1,"featured_media":0,"parent":0,"menu_order":0,"comment_status":"closed","ping_status":"closed","template":"page-templates\/page-kf-full.php","meta":{"_acf_changed":false,"_coblocks_attr":"","_coblocks_dimensions":"","_coblocks_responsive_height":"","_coblocks_accordion_ie_support":"","_genesis_hide_title":false,"_genesis_hide_breadcrumbs":false,"_genesis_hide_singular_image":false,"_genesis_hide_footer_widgets":false,"_genesis_custom_body_class":"","_genesis_custom_post_class":"","_genesis_layout":"","footnotes":""},"class_list":{"0":"post-603","1":"page","2":"type-page","3":"status-publish","5":"entry"},"acf":[],"yoast_head":"<!-- This site is optimized with the Yoast SEO plugin v27.3 - https:\/\/yoast.com\/product\/yoast-seo-wordpress\/ -->\n<title>Condizioni di utilizzo - GemelliGenerator<\/title>\n<meta name=\"robots\" content=\"index, follow, max-snippet:-1, max-image-preview:large, max-video-preview:-1\" \/>\n<link rel=\"canonical\" href=\"https:\/\/gemelligenerator.it\/it\/condizioni-di-utilizzo\/\" \/>\n<meta property=\"og:locale\" content=\"it_IT\" \/>\n<meta property=\"og:type\" content=\"article\" \/>\n<meta property=\"og:title\" content=\"Condizioni di utilizzo - GemelliGenerator\" \/>\n<meta property=\"og:description\" content=\"Garanzie e limitazioni di responsabilit\u00e0 Ogni visitatore \u00e8 pregato di leggere attentamente le seguenti condizioni di utilizzo e\/o consultazione del Portale. Il fatto di proseguire nell\u2019utilizzo o consultazione costituisce completa accettazione delle condizioni stesse da parte del visitatore. L\u2019intero contenuto di questo Portale \u00e8 tutelato dal diritto d\u2019autore. Nessuna parte del portale, nessun marchio, nessun [&hellip;]\" \/>\n<meta property=\"og:url\" content=\"https:\/\/gemelligenerator.it\/it\/condizioni-di-utilizzo\/\" \/>\n<meta property=\"og:site_name\" content=\"GemelliGenerator\" \/>\n<meta property=\"article:modified_time\" content=\"2020-07-20T15:06:52+00:00\" \/>\n<meta property=\"og:image\" content=\"https:\/\/gemelligenerator.it\/wp-content\/uploads\/2020\/11\/opengraph_gemelli-generator_min.jpg\" \/>\n\t<meta property=\"og:image:width\" content=\"1200\" \/>\n\t<meta property=\"og:image:height\" content=\"627\" \/>\n\t<meta property=\"og:image:type\" content=\"image\/jpeg\" \/>\n<meta name=\"twitter:card\" content=\"summary_large_image\" \/>\n<meta name=\"twitter:label1\" content=\"Tempo di lettura stimato\" \/>\n\t<meta name=\"twitter:data1\" content=\"3 minuti\" \/>\n<script type=\"application\/ld+json\" class=\"yoast-schema-graph\">{\"@context\":\"https:\\\/\\\/schema.org\",\"@graph\":[{\"@type\":\"WebPage\",\"@id\":\"https:\\\/\\\/gemelligenerator.it\\\/it\\\/condizioni-di-utilizzo\\\/\",\"url\":\"https:\\\/\\\/gemelligenerator.it\\\/it\\\/condizioni-di-utilizzo\\\/\",\"name\":\"Condizioni di utilizzo - GemelliGenerator\",\"isPartOf\":{\"@id\":\"https:\\\/\\\/gemelligenerator.it\\\/it\\\/#website\"},\"datePublished\":\"2020-07-09T13:43:55+00:00\",\"dateModified\":\"2020-07-20T15:06:52+00:00\",\"breadcrumb\":{\"@id\":\"https:\\\/\\\/gemelligenerator.it\\\/it\\\/condizioni-di-utilizzo\\\/#breadcrumb\"},\"inLanguage\":\"it-IT\",\"potentialAction\":[{\"@type\":\"ReadAction\",\"target\":[\"https:\\\/\\\/gemelligenerator.it\\\/it\\\/condizioni-di-utilizzo\\\/\"]}]},{\"@type\":\"BreadcrumbList\",\"@id\":\"https:\\\/\\\/gemelligenerator.it\\\/it\\\/condizioni-di-utilizzo\\\/#breadcrumb\",\"itemListElement\":[{\"@type\":\"ListItem\",\"position\":1,\"name\":\"Home\",\"item\":\"https:\\\/\\\/gemelligenerator.it\\\/it\\\/\"},{\"@type\":\"ListItem\",\"position\":2,\"name\":\"Condizioni di utilizzo\"}]},{\"@type\":\"WebSite\",\"@id\":\"https:\\\/\\\/gemelligenerator.it\\\/it\\\/#website\",\"url\":\"https:\\\/\\\/gemelligenerator.it\\\/it\\\/\",\"name\":\"GemelliGenerator\",\"description\":\"\",\"publisher\":{\"@id\":\"https:\\\/\\\/gemelligenerator.it\\\/it\\\/#organization\"},\"potentialAction\":[{\"@type\":\"SearchAction\",\"target\":{\"@type\":\"EntryPoint\",\"urlTemplate\":\"https:\\\/\\\/gemelligenerator.it\\\/it\\\/?s={search_term_string}\"},\"query-input\":{\"@type\":\"PropertyValueSpecification\",\"valueRequired\":true,\"valueName\":\"search_term_string\"}}],\"inLanguage\":\"it-IT\"},{\"@type\":\"Organization\",\"@id\":\"https:\\\/\\\/gemelligenerator.it\\\/it\\\/#organization\",\"name\":\"GemelliGenerator\",\"url\":\"https:\\\/\\\/gemelligenerator.it\\\/it\\\/\",\"logo\":{\"@type\":\"ImageObject\",\"inLanguage\":\"it-IT\",\"@id\":\"https:\\\/\\\/gemelligenerator.it\\\/it\\\/#\\\/schema\\\/logo\\\/image\\\/\",\"url\":\"https:\\\/\\\/gemelligenerator.it\\\/wp-content\\\/uploads\\\/2020\\\/06\\\/gem-gen-logo.png\",\"contentUrl\":\"https:\\\/\\\/gemelligenerator.it\\\/wp-content\\\/uploads\\\/2020\\\/06\\\/gem-gen-logo.png\",\"width\":701,\"height\":145,\"caption\":\"GemelliGenerator\"},\"image\":{\"@id\":\"https:\\\/\\\/gemelligenerator.it\\\/it\\\/#\\\/schema\\\/logo\\\/image\\\/\"}}]}<\/script>\n<!-- \/ Yoast SEO plugin. -->","yoast_head_json":{"title":"Condizioni di utilizzo - GemelliGenerator","robots":{"index":"index","follow":"follow","max-snippet":"max-snippet:-1","max-image-preview":"max-image-preview:large","max-video-preview":"max-video-preview:-1"},"canonical":"https:\/\/gemelligenerator.it\/it\/condizioni-di-utilizzo\/","og_locale":"it_IT","og_type":"article","og_title":"Condizioni di utilizzo - GemelliGenerator","og_description":"Garanzie e limitazioni di responsabilit\u00e0 Ogni visitatore \u00e8 pregato di leggere attentamente le seguenti condizioni di utilizzo e\/o consultazione del Portale. Il fatto di proseguire nell\u2019utilizzo o consultazione costituisce completa accettazione delle condizioni stesse da parte del visitatore. L\u2019intero contenuto di questo Portale \u00e8 tutelato dal diritto d\u2019autore. Nessuna parte del portale, nessun marchio, nessun [&hellip;]","og_url":"https:\/\/gemelligenerator.it\/it\/condizioni-di-utilizzo\/","og_site_name":"GemelliGenerator","article_modified_time":"2020-07-20T15:06:52+00:00","og_image":[{"width":1200,"height":627,"url":"https:\/\/gemelligenerator.it\/wp-content\/uploads\/2020\/11\/opengraph_gemelli-generator_min.jpg","type":"image\/jpeg"}],"twitter_card":"summary_large_image","twitter_misc":{"Tempo di lettura stimato":"3 minuti"},"schema":{"@context":"https:\/\/schema.org","@graph":[{"@type":"WebPage","@id":"https:\/\/gemelligenerator.it\/it\/condizioni-di-utilizzo\/","url":"https:\/\/gemelligenerator.it\/it\/condizioni-di-utilizzo\/","name":"Condizioni di utilizzo - GemelliGenerator","isPartOf":{"@id":"https:\/\/gemelligenerator.it\/it\/#website"},"datePublished":"2020-07-09T13:43:55+00:00","dateModified":"2020-07-20T15:06:52+00:00","breadcrumb":{"@id":"https:\/\/gemelligenerator.it\/it\/condizioni-di-utilizzo\/#breadcrumb"},"inLanguage":"it-IT","potentialAction":[{"@type":"ReadAction","target":["https:\/\/gemelligenerator.it\/it\/condizioni-di-utilizzo\/"]}]},{"@type":"BreadcrumbList","@id":"https:\/\/gemelligenerator.it\/it\/condizioni-di-utilizzo\/#breadcrumb","itemListElement":[{"@type":"ListItem","position":1,"name":"Home","item":"https:\/\/gemelligenerator.it\/it\/"},{"@type":"ListItem","position":2,"name":"Condizioni di utilizzo"}]},{"@type":"WebSite","@id":"https:\/\/gemelligenerator.it\/it\/#website","url":"https:\/\/gemelligenerator.it\/it\/","name":"GemelliGenerator","description":"","publisher":{"@id":"https:\/\/gemelligenerator.it\/it\/#organization"},"potentialAction":[{"@type":"SearchAction","target":{"@type":"EntryPoint","urlTemplate":"https:\/\/gemelligenerator.it\/it\/?s={search_term_string}"},"query-input":{"@type":"PropertyValueSpecification","valueRequired":true,"valueName":"search_term_string"}}],"inLanguage":"it-IT"},{"@type":"Organization","@id":"https:\/\/gemelligenerator.it\/it\/#organization","name":"GemelliGenerator","url":"https:\/\/gemelligenerator.it\/it\/","logo":{"@type":"ImageObject","inLanguage":"it-IT","@id":"https:\/\/gemelligenerator.it\/it\/#\/schema\/logo\/image\/","url":"https:\/\/gemelligenerator.it\/wp-content\/uploads\/2020\/06\/gem-gen-logo.png","contentUrl":"https:\/\/gemelligenerator.it\/wp-content\/uploads\/2020\/06\/gem-gen-logo.png","width":701,"height":145,"caption":"GemelliGenerator"},"image":{"@id":"https:\/\/gemelligenerator.it\/it\/#\/schema\/logo\/image\/"}}]}},"featured_image_src":null,"featured_image_src_square":null,"_links":{"self":[{"href":"https:\/\/gemelligenerator.it\/it\/wp-json\/wp\/v2\/pages\/603","targetHints":{"allow":["GET"]}}],"collection":[{"href":"https:\/\/gemelligenerator.it\/it\/wp-json\/wp\/v2\/pages"}],"about":[{"href":"https:\/\/gemelligenerator.it\/it\/wp-json\/wp\/v2\/types\/page"}],"author":[{"embeddable":true,"href":"https:\/\/gemelligenerator.it\/it\/wp-json\/wp\/v2\/users\/1"}],"replies":[{"embeddable":true,"href":"https:\/\/gemelligenerator.it\/it\/wp-json\/wp\/v2\/comments?post=603"}],"version-history":[{"count":0,"href":"https:\/\/gemelligenerator.it\/it\/wp-json\/wp\/v2\/pages\/603\/revisions"}],"wp:attachment":[{"href":"https:\/\/gemelligenerator.it\/it\/wp-json\/wp\/v2\/media?parent=603"}],"curies":[{"name":"wp","href":"https:\/\/api.w.org\/{rel}","templated":true}]}}