{"id":601,"date":"2020-07-09T15:43:09","date_gmt":"2020-07-09T13:43:09","guid":{"rendered":"https:\/\/gemelligenerator.it\/?page_id=601"},"modified":"2020-07-20T17:06:08","modified_gmt":"2020-07-20T15:06:08","slug":"avvertenze","status":"publish","type":"page","link":"https:\/\/gemelligenerator.it\/it\/avvertenze\/","title":{"rendered":"Avvertenze"},"content":{"rendered":"\n<p>Il Policlinico Universitario A. Gemelli IRCCS precisa che le informazioni presenti nel Portale costituiscono una mera informazione di massima in ordine alle patologie presentate e non sostituiscono in alcun modo l\u2019intervento o l\u2019opinione del medico o la sua diagnosi in relazione ai casi concreti. Conseguentemente si consiglia in ogni caso di contattare il medico di fiducia.<\/p>\n\n\n\n<p>L\u2019accesso e la consultazione di questo Portale sono sottoposti ai seguenti termini e condizioni e alle normative vigenti. L\u2019accesso e la consultazione del presente Portale implicano pertanto l\u2019accettazione incondizionata di tali termini e condizioni.<\/p>\n\n\n\n<p>Il Portale e le informazioni in esso contenute e ad esso collegate rivestono esclusivamente scopo informativo e non costituiscono la base per alcuna decisione o azione. Pertanto l\u2019utilizzo del Portale e di ogni altro ad esso collegato sar\u00e0 sotto la diretta responsabilit\u00e0 e a totale rischio dell\u2019utente.<\/p>\n\n\n\n<p>Il Policlinico Universitario A. Gemelli IRCCS compie ogni sforzo per fornire informazioni il pi\u00f9 possibile precise ed accurate, tuttavia non si assume alcuna responsabilit\u00e0 n\u00e9 fornisce alcuna garanzia sul contenuto del Portale che deve essere quindi opportunamente valutato dal visitatore.<\/p>\n\n\n\n<p>Il portale rispecchia in pieno la filosofia del \u201cPoliclinico Universitario A. Gemelli IRCCS.<br>&nbsp;<br>In particolare, il Policlinico Universitario A. Gemelli IRCCS non potr\u00e0 essere ritenuto responsabile per difetti di accuratezza, completezza, adeguatezza, tempestivit\u00e0 delle informazioni contenute nel Portale n\u00e9 per eventuali danni o virus che possano colpire l\u2019attrezzatura informatica o altra propriet\u00e0 del visitatore in conseguenza dell\u2019accesso, dell\u2019utilizzo o della navigazione del Portale. il Policlinico Universitario \u201cA. Gemelli\u201d si riserva il diritto di interrompere o sospendere in qualsiasi momento le funzionalit\u00e0 del Portale senza che ne derivi l\u2019assunzione di alcuna responsabilit\u00e0 a proprio carico.<\/p>\n\n\n\n<p>Le informazioni presenti nel Portale potrebbero contenere errori tecnici o tipografici. il Policlinico Universitario A. Gemelli IRCCS si riserva il diritto di apportare in ogni momento e senza preavviso modifiche, correzioni e miglioramenti alle predette informazioni, ai prodotti e ai programmi.<br>&nbsp;<br><strong>Link<\/strong><br>Nel Portale sono inoltre presenti collegamenti (link) ad altri siti di terze parti, ritenuti di interesse per il visitatore. Con il collegamento a tali siti, si esce dal presente Portale per libera scelta e si accede ad un sito di propriet\u00e0 di terzi, quest\u2019azione sar\u00e0 segnalata con apertura di una finestra di warning. Le informazioni contenute in tali siti possono non essere in linea con le disposizioni del&nbsp;dlgs 541\/92 che regola la pubblicit\u00e0 dei medicinali per uso umano e sono comunque del tutto indipendenti e fuori dal controllo del Policlinico Universitario A. Gemelli IRCCS, che non si assume alcuna responsabilit\u00e0 in proposito.<br>In ogni caso, il Policlinico Universitario A. Gemelli IRCCS non assume alcuna responsabilit\u00e0, n\u00e9 fornir\u00e0 alcuna garanzia circa la natura e i contenuti di qualsiasi pagina o sito web di terzi connessi al presente Portale mediante links. Tutti gli utenti dovranno quindi prendere atto che il collegamento a siti di terzi avviene sotto la propria responsabilit\u00e0.<\/p>\n","protected":false},"excerpt":{"rendered":"<p>Il Policlinico Universitario A. Gemelli IRCCS precisa che le informazioni presenti nel Portale costituiscono una mera informazione di massima in ordine alle patologie presentate e non sostituiscono in alcun modo l\u2019intervento o l\u2019opinione del medico o la sua diagnosi in relazione ai casi concreti. Conseguentemente si consiglia in ogni caso di contattare il medico di [&hellip;]<\/p>\n","protected":false},"author":1,"featured_media":0,"parent":0,"menu_order":0,"comment_status":"closed","ping_status":"closed","template":"page-templates\/page-kf-full.php","meta":{"_acf_changed":false,"_coblocks_attr":"","_coblocks_dimensions":"","_coblocks_responsive_height":"","_coblocks_accordion_ie_support":"","_genesis_hide_title":false,"_genesis_hide_breadcrumbs":false,"_genesis_hide_singular_image":false,"_genesis_hide_footer_widgets":false,"_genesis_custom_body_class":"","_genesis_custom_post_class":"","_genesis_layout":"","footnotes":""},"class_list":{"0":"post-601","1":"page","2":"type-page","3":"status-publish","5":"entry"},"acf":[],"yoast_head":"<!-- This site is optimized with the Yoast SEO plugin v27.3 - https:\/\/yoast.com\/product\/yoast-seo-wordpress\/ -->\n<title>Avvertenze - GemelliGenerator<\/title>\n<meta name=\"robots\" content=\"index, follow, max-snippet:-1, max-image-preview:large, max-video-preview:-1\" \/>\n<link rel=\"canonical\" href=\"https:\/\/gemelligenerator.it\/it\/avvertenze\/\" \/>\n<meta property=\"og:locale\" content=\"it_IT\" \/>\n<meta property=\"og:type\" content=\"article\" \/>\n<meta property=\"og:title\" content=\"Avvertenze - GemelliGenerator\" \/>\n<meta property=\"og:description\" content=\"Il Policlinico Universitario A. Gemelli IRCCS precisa che le informazioni presenti nel Portale costituiscono una mera informazione di massima in ordine alle patologie presentate e non sostituiscono in alcun modo l\u2019intervento o l\u2019opinione del medico o la sua diagnosi in relazione ai casi concreti. Conseguentemente si consiglia in ogni caso di contattare il medico di [&hellip;]\" \/>\n<meta property=\"og:url\" content=\"https:\/\/gemelligenerator.it\/it\/avvertenze\/\" \/>\n<meta property=\"og:site_name\" content=\"GemelliGenerator\" \/>\n<meta property=\"article:modified_time\" content=\"2020-07-20T15:06:08+00:00\" \/>\n<meta property=\"og:image\" content=\"https:\/\/gemelligenerator.it\/wp-content\/uploads\/2020\/11\/opengraph_gemelli-generator_min.jpg\" \/>\n\t<meta property=\"og:image:width\" content=\"1200\" \/>\n\t<meta property=\"og:image:height\" content=\"627\" \/>\n\t<meta property=\"og:image:type\" content=\"image\/jpeg\" \/>\n<meta name=\"twitter:card\" content=\"summary_large_image\" \/>\n<meta name=\"twitter:label1\" content=\"Tempo di lettura stimato\" \/>\n\t<meta name=\"twitter:data1\" content=\"2 minuti\" \/>\n<script type=\"application\/ld+json\" class=\"yoast-schema-graph\">{\"@context\":\"https:\\\/\\\/schema.org\",\"@graph\":[{\"@type\":\"WebPage\",\"@id\":\"https:\\\/\\\/gemelligenerator.it\\\/it\\\/avvertenze\\\/\",\"url\":\"https:\\\/\\\/gemelligenerator.it\\\/it\\\/avvertenze\\\/\",\"name\":\"Avvertenze - GemelliGenerator\",\"isPartOf\":{\"@id\":\"https:\\\/\\\/gemelligenerator.it\\\/it\\\/#website\"},\"datePublished\":\"2020-07-09T13:43:09+00:00\",\"dateModified\":\"2020-07-20T15:06:08+00:00\",\"breadcrumb\":{\"@id\":\"https:\\\/\\\/gemelligenerator.it\\\/it\\\/avvertenze\\\/#breadcrumb\"},\"inLanguage\":\"it-IT\",\"potentialAction\":[{\"@type\":\"ReadAction\",\"target\":[\"https:\\\/\\\/gemelligenerator.it\\\/it\\\/avvertenze\\\/\"]}]},{\"@type\":\"BreadcrumbList\",\"@id\":\"https:\\\/\\\/gemelligenerator.it\\\/it\\\/avvertenze\\\/#breadcrumb\",\"itemListElement\":[{\"@type\":\"ListItem\",\"position\":1,\"name\":\"Home\",\"item\":\"https:\\\/\\\/gemelligenerator.it\\\/it\\\/\"},{\"@type\":\"ListItem\",\"position\":2,\"name\":\"Avvertenze\"}]},{\"@type\":\"WebSite\",\"@id\":\"https:\\\/\\\/gemelligenerator.it\\\/it\\\/#website\",\"url\":\"https:\\\/\\\/gemelligenerator.it\\\/it\\\/\",\"name\":\"GemelliGenerator\",\"description\":\"\",\"publisher\":{\"@id\":\"https:\\\/\\\/gemelligenerator.it\\\/it\\\/#organization\"},\"potentialAction\":[{\"@type\":\"SearchAction\",\"target\":{\"@type\":\"EntryPoint\",\"urlTemplate\":\"https:\\\/\\\/gemelligenerator.it\\\/it\\\/?s={search_term_string}\"},\"query-input\":{\"@type\":\"PropertyValueSpecification\",\"valueRequired\":true,\"valueName\":\"search_term_string\"}}],\"inLanguage\":\"it-IT\"},{\"@type\":\"Organization\",\"@id\":\"https:\\\/\\\/gemelligenerator.it\\\/it\\\/#organization\",\"name\":\"GemelliGenerator\",\"url\":\"https:\\\/\\\/gemelligenerator.it\\\/it\\\/\",\"logo\":{\"@type\":\"ImageObject\",\"inLanguage\":\"it-IT\",\"@id\":\"https:\\\/\\\/gemelligenerator.it\\\/it\\\/#\\\/schema\\\/logo\\\/image\\\/\",\"url\":\"https:\\\/\\\/gemelligenerator.it\\\/wp-content\\\/uploads\\\/2020\\\/06\\\/gem-gen-logo.png\",\"contentUrl\":\"https:\\\/\\\/gemelligenerator.it\\\/wp-content\\\/uploads\\\/2020\\\/06\\\/gem-gen-logo.png\",\"width\":701,\"height\":145,\"caption\":\"GemelliGenerator\"},\"image\":{\"@id\":\"https:\\\/\\\/gemelligenerator.it\\\/it\\\/#\\\/schema\\\/logo\\\/image\\\/\"}}]}<\/script>\n<!-- \/ Yoast SEO plugin. -->","yoast_head_json":{"title":"Avvertenze - GemelliGenerator","robots":{"index":"index","follow":"follow","max-snippet":"max-snippet:-1","max-image-preview":"max-image-preview:large","max-video-preview":"max-video-preview:-1"},"canonical":"https:\/\/gemelligenerator.it\/it\/avvertenze\/","og_locale":"it_IT","og_type":"article","og_title":"Avvertenze - GemelliGenerator","og_description":"Il Policlinico Universitario A. Gemelli IRCCS precisa che le informazioni presenti nel Portale costituiscono una mera informazione di massima in ordine alle patologie presentate e non sostituiscono in alcun modo l\u2019intervento o l\u2019opinione del medico o la sua diagnosi in relazione ai casi concreti. Conseguentemente si consiglia in ogni caso di contattare il medico di [&hellip;]","og_url":"https:\/\/gemelligenerator.it\/it\/avvertenze\/","og_site_name":"GemelliGenerator","article_modified_time":"2020-07-20T15:06:08+00:00","og_image":[{"width":1200,"height":627,"url":"https:\/\/gemelligenerator.it\/wp-content\/uploads\/2020\/11\/opengraph_gemelli-generator_min.jpg","type":"image\/jpeg"}],"twitter_card":"summary_large_image","twitter_misc":{"Tempo di lettura stimato":"2 minuti"},"schema":{"@context":"https:\/\/schema.org","@graph":[{"@type":"WebPage","@id":"https:\/\/gemelligenerator.it\/it\/avvertenze\/","url":"https:\/\/gemelligenerator.it\/it\/avvertenze\/","name":"Avvertenze - GemelliGenerator","isPartOf":{"@id":"https:\/\/gemelligenerator.it\/it\/#website"},"datePublished":"2020-07-09T13:43:09+00:00","dateModified":"2020-07-20T15:06:08+00:00","breadcrumb":{"@id":"https:\/\/gemelligenerator.it\/it\/avvertenze\/#breadcrumb"},"inLanguage":"it-IT","potentialAction":[{"@type":"ReadAction","target":["https:\/\/gemelligenerator.it\/it\/avvertenze\/"]}]},{"@type":"BreadcrumbList","@id":"https:\/\/gemelligenerator.it\/it\/avvertenze\/#breadcrumb","itemListElement":[{"@type":"ListItem","position":1,"name":"Home","item":"https:\/\/gemelligenerator.it\/it\/"},{"@type":"ListItem","position":2,"name":"Avvertenze"}]},{"@type":"WebSite","@id":"https:\/\/gemelligenerator.it\/it\/#website","url":"https:\/\/gemelligenerator.it\/it\/","name":"GemelliGenerator","description":"","publisher":{"@id":"https:\/\/gemelligenerator.it\/it\/#organization"},"potentialAction":[{"@type":"SearchAction","target":{"@type":"EntryPoint","urlTemplate":"https:\/\/gemelligenerator.it\/it\/?s={search_term_string}"},"query-input":{"@type":"PropertyValueSpecification","valueRequired":true,"valueName":"search_term_string"}}],"inLanguage":"it-IT"},{"@type":"Organization","@id":"https:\/\/gemelligenerator.it\/it\/#organization","name":"GemelliGenerator","url":"https:\/\/gemelligenerator.it\/it\/","logo":{"@type":"ImageObject","inLanguage":"it-IT","@id":"https:\/\/gemelligenerator.it\/it\/#\/schema\/logo\/image\/","url":"https:\/\/gemelligenerator.it\/wp-content\/uploads\/2020\/06\/gem-gen-logo.png","contentUrl":"https:\/\/gemelligenerator.it\/wp-content\/uploads\/2020\/06\/gem-gen-logo.png","width":701,"height":145,"caption":"GemelliGenerator"},"image":{"@id":"https:\/\/gemelligenerator.it\/it\/#\/schema\/logo\/image\/"}}]}},"featured_image_src":null,"featured_image_src_square":null,"_links":{"self":[{"href":"https:\/\/gemelligenerator.it\/it\/wp-json\/wp\/v2\/pages\/601","targetHints":{"allow":["GET"]}}],"collection":[{"href":"https:\/\/gemelligenerator.it\/it\/wp-json\/wp\/v2\/pages"}],"about":[{"href":"https:\/\/gemelligenerator.it\/it\/wp-json\/wp\/v2\/types\/page"}],"author":[{"embeddable":true,"href":"https:\/\/gemelligenerator.it\/it\/wp-json\/wp\/v2\/users\/1"}],"replies":[{"embeddable":true,"href":"https:\/\/gemelligenerator.it\/it\/wp-json\/wp\/v2\/comments?post=601"}],"version-history":[{"count":0,"href":"https:\/\/gemelligenerator.it\/it\/wp-json\/wp\/v2\/pages\/601\/revisions"}],"wp:attachment":[{"href":"https:\/\/gemelligenerator.it\/it\/wp-json\/wp\/v2\/media?parent=601"}],"curies":[{"name":"wp","href":"https:\/\/api.w.org\/{rel}","templated":true}]}}