{"id":584,"date":"2020-07-09T14:55:04","date_gmt":"2020-07-09T12:55:04","guid":{"rendered":"https:\/\/gemelligenerator.it\/?page_id=584"},"modified":"2020-11-11T15:50:29","modified_gmt":"2020-11-11T14:50:29","slug":"opportunita","status":"publish","type":"page","link":"https:\/\/gemelligenerator.it\/it\/opportunita\/","title":{"rendered":"Opportunit\u00e0"},"content":{"rendered":"<style>#kt-layout-id_86a61f-1d > .kt-row-column-wrap{align-content:start;}:where(#kt-layout-id_86a61f-1d > .kt-row-column-wrap) > .wp-block-kadence-column{justify-content:start;}#kt-layout-id_86a61f-1d > .kt-row-column-wrap{column-gap:var(--global-kb-gap-lg, 4rem);row-gap:var(--global-kb-gap-md, 2rem);padding-top:var( --global-kb-row-default-top, 25px );padding-bottom:var( --global-kb-row-default-bottom, 25px );padding-top:var(--global-kb-spacing-sm, 1.5rem);padding-bottom:var(--global-kb-spacing-sm, 1.5rem);grid-template-columns:repeat(2, minmax(0, 1fr));}#kt-layout-id_86a61f-1d > .kt-row-layout-overlay{opacity:0.30;}@media all and (max-width: 1024px){#kt-layout-id_86a61f-1d > .kt-row-column-wrap{grid-template-columns:repeat(2, minmax(0, 1fr));}}@media all and (max-width: 767px){#kt-layout-id_86a61f-1d > .kt-row-column-wrap{grid-template-columns:minmax(0, 1fr);}}<\/style>\n<div class=\"wp-block-kadence-rowlayout alignnone m0 p0\"><div id=\"kt-layout-id_86a61f-1d\" class=\"kt-row-layout-inner kt-layout-id_86a61f-1d\"><div class=\"kt-row-column-wrap kt-has-2-columns kt-gutter-wider kt-v-gutter-default kt-row-valign-top kt-row-layout-equal kt-tab-layout-inherit kt-m-colapse-left-to-right kt-mobile-layout-row\"><style>.kadence-column_701ac9-55 > .kt-inside-inner-col{border-top-width:0px;border-right-width:0px;border-bottom-width:0px;border-left-width:0px;}.kadence-column_701ac9-55 > .kt-inside-inner-col,.kadence-column_701ac9-55 > .kt-inside-inner-col:before{border-top-left-radius:0px;border-top-right-radius:0px;border-bottom-right-radius:0px;border-bottom-left-radius:0px;}.kadence-column_701ac9-55 > .kt-inside-inner-col{column-gap:var(--global-kb-gap-sm, 1rem);}.kadence-column_701ac9-55 > .kt-inside-inner-col{flex-direction:column;}.kadence-column_701ac9-55 > .kt-inside-inner-col > .aligncenter{width:100%;}.kadence-column_701ac9-55 > .kt-inside-inner-col:before{opacity:0.3;}.kadence-column_701ac9-55{position:relative;}@media all and (max-width: 1024px){.kadence-column_701ac9-55 > .kt-inside-inner-col{flex-direction:column;justify-content:center;}}@media all and (max-width: 767px){.kadence-column_701ac9-55 > .kt-inside-inner-col{flex-direction:column;justify-content:center;}}<\/style>\n<div class=\"wp-block-kadence-column inner-column-1 kadence-column_701ac9-55\"><div class=\"kt-inside-inner-col\"><style>#kt-layout-id_2760ae-e9 > .kt-row-column-wrap{align-content:start;}:where(#kt-layout-id_2760ae-e9 > .kt-row-column-wrap) > .wp-block-kadence-column{justify-content:start;}#kt-layout-id_2760ae-e9 > .kt-row-column-wrap{column-gap:var(--global-kb-gap-none, 0rem );row-gap:var(--global-kb-gap-md, 2rem);padding-top:var( --global-kb-row-default-top, 25px );padding-bottom:var( --global-kb-row-default-bottom, 25px );padding-top:var(--global-kb-spacing-sm, 1.5rem);padding-bottom:var(--global-kb-spacing-sm, 1.5rem);}#kt-layout-id_2760ae-e9 > .kt-row-column-wrap > div:not(.added-for-specificity){grid-column:initial;}#kt-layout-id_2760ae-e9 > .kt-row-column-wrap{grid-template-columns:minmax(0, 1fr);}#kt-layout-id_2760ae-e9 > .kt-row-layout-overlay{opacity:0.30;}@media all and (max-width: 1024px){#kt-layout-id_2760ae-e9 > .kt-row-column-wrap > div:not(.added-for-specificity){grid-column:initial;}}@media all and (max-width: 1024px){#kt-layout-id_2760ae-e9 > .kt-row-column-wrap{grid-template-columns:minmax(0, 1fr);}}@media all and (max-width: 767px){#kt-layout-id_2760ae-e9 > .kt-row-column-wrap > div:not(.added-for-specificity){grid-column:initial;}#kt-layout-id_2760ae-e9 > .kt-row-column-wrap{grid-template-columns:minmax(0, 1fr);}}<\/style>\n<div class=\"wp-block-kadence-rowlayout alignnone p0 mo gate-box\"><div id=\"kt-layout-id_2760ae-e9\" class=\"kt-row-layout-inner kt-layout-id_2760ae-e9\"><div class=\"kt-row-column-wrap kt-has-3-columns kt-gutter-none kt-v-gutter-default kt-row-valign-top kt-row-layout-row kt-tab-layout-inherit kt-m-colapse-left-to-right kt-mobile-layout-row\"><style>.kadence-column_8be352-d3 > .kt-inside-inner-col{border-top-width:0px;border-right-width:0px;border-bottom-width:0px;border-left-width:0px;}.kadence-column_8be352-d3 > .kt-inside-inner-col,.kadence-column_8be352-d3 > .kt-inside-inner-col:before{border-top-left-radius:0px;border-top-right-radius:0px;border-bottom-right-radius:0px;border-bottom-left-radius:0px;}.kadence-column_8be352-d3 > .kt-inside-inner-col{column-gap:var(--global-kb-gap-sm, 1rem);}.kadence-column_8be352-d3 > .kt-inside-inner-col{flex-direction:column;}.kadence-column_8be352-d3 > .kt-inside-inner-col > .aligncenter{width:100%;}.kadence-column_8be352-d3 > .kt-inside-inner-col:before{opacity:0.3;}.kadence-column_8be352-d3{position:relative;}@media all and (max-width: 1024px){.kadence-column_8be352-d3 > .kt-inside-inner-col{flex-direction:column;justify-content:center;}}@media all and (max-width: 767px){.kadence-column_8be352-d3 > .kt-inside-inner-col{flex-direction:column;justify-content:center;}}<\/style>\n<div class=\"wp-block-kadence-column inner-column-1 kadence-column_8be352-d3\"><div class=\"kt-inside-inner-col\">\n<h2 class=\"wp-block-heading\">Bandi di concorso<\/h2>\n<\/div><\/div>\n\n\n<style>.kadence-column_89f084-9e > .kt-inside-inner-col{border-top-width:0px;border-right-width:0px;border-bottom-width:0px;border-left-width:0px;}.kadence-column_89f084-9e > .kt-inside-inner-col,.kadence-column_89f084-9e > .kt-inside-inner-col:before{border-top-left-radius:0px;border-top-right-radius:0px;border-bottom-right-radius:0px;border-bottom-left-radius:0px;}.kadence-column_89f084-9e > .kt-inside-inner-col{column-gap:var(--global-kb-gap-sm, 1rem);}.kadence-column_89f084-9e > .kt-inside-inner-col{flex-direction:column;}.kadence-column_89f084-9e > .kt-inside-inner-col > .aligncenter{width:100%;}.kadence-column_89f084-9e > .kt-inside-inner-col:before{opacity:0.3;}.kadence-column_89f084-9e{position:relative;}@media all and (max-width: 1024px){.kadence-column_89f084-9e > .kt-inside-inner-col{flex-direction:column;justify-content:center;}}@media all and (max-width: 767px){.kadence-column_89f084-9e > .kt-inside-inner-col{flex-direction:column;justify-content:center;}}<\/style>\n<div class=\"wp-block-kadence-column inner-column-2 kadence-column_89f084-9e\"><div class=\"kt-inside-inner-col\">\n<p>Consulta regolarmente questa sezione per conoscere i bandi di concorso aperti.<\/p>\n<\/div><\/div>\n\n\n<style>.kadence-column_01955d-d1 > .kt-inside-inner-col{border-top-width:0px;border-right-width:0px;border-bottom-width:0px;border-left-width:0px;}.kadence-column_01955d-d1 > .kt-inside-inner-col,.kadence-column_01955d-d1 > .kt-inside-inner-col:before{border-top-left-radius:0px;border-top-right-radius:0px;border-bottom-right-radius:0px;border-bottom-left-radius:0px;}.kadence-column_01955d-d1 > .kt-inside-inner-col{column-gap:var(--global-kb-gap-sm, 1rem);}.kadence-column_01955d-d1 > .kt-inside-inner-col{flex-direction:column;}.kadence-column_01955d-d1 > .kt-inside-inner-col > .aligncenter{width:100%;}.kadence-column_01955d-d1 > .kt-inside-inner-col:before{opacity:0.3;}.kadence-column_01955d-d1{position:relative;}@media all and (max-width: 1024px){.kadence-column_01955d-d1 > .kt-inside-inner-col{flex-direction:column;justify-content:center;}}@media all and (max-width: 767px){.kadence-column_01955d-d1 > .kt-inside-inner-col{flex-direction:column;justify-content:center;}}<\/style>\n<div class=\"wp-block-kadence-column inner-column-3 kadence-column_01955d-d1\"><div class=\"kt-inside-inner-col\">\n<a class=\"btn-blu\" href=\"\/it\/bandi-concorso\/\">SCOPRI DI PI\u00d9<img decoding=\"async\" src=\"\/wp-content\/uploads\/2020\/06\/arrow.png\"><\/a>\n<\/div><\/div>\n<\/div><\/div><\/div>\n<\/div><\/div>\n\n\n<style>.kadence-column_bfe989-8f > .kt-inside-inner-col{border-top-width:0px;border-right-width:0px;border-bottom-width:0px;border-left-width:0px;}.kadence-column_bfe989-8f > .kt-inside-inner-col,.kadence-column_bfe989-8f > .kt-inside-inner-col:before{border-top-left-radius:0px;border-top-right-radius:0px;border-bottom-right-radius:0px;border-bottom-left-radius:0px;}.kadence-column_bfe989-8f > .kt-inside-inner-col{column-gap:var(--global-kb-gap-sm, 1rem);}.kadence-column_bfe989-8f > .kt-inside-inner-col{flex-direction:column;}.kadence-column_bfe989-8f > .kt-inside-inner-col > .aligncenter{width:100%;}.kadence-column_bfe989-8f > .kt-inside-inner-col:before{opacity:0.3;}.kadence-column_bfe989-8f{position:relative;}@media all and (max-width: 1024px){.kadence-column_bfe989-8f > .kt-inside-inner-col{flex-direction:column;justify-content:center;}}@media all and (max-width: 767px){.kadence-column_bfe989-8f > .kt-inside-inner-col{flex-direction:column;justify-content:center;}}<\/style>\n<div class=\"wp-block-kadence-column inner-column-2 kadence-column_bfe989-8f\"><div class=\"kt-inside-inner-col\"><style>#kt-layout-id_8ee659-70 > .kt-row-column-wrap{align-content:start;}:where(#kt-layout-id_8ee659-70 > .kt-row-column-wrap) > .wp-block-kadence-column{justify-content:start;}#kt-layout-id_8ee659-70 > .kt-row-column-wrap{column-gap:var(--global-kb-gap-none, 0rem );row-gap:var(--global-kb-gap-md, 2rem);padding-top:var( --global-kb-row-default-top, 25px );padding-bottom:var( --global-kb-row-default-bottom, 25px );padding-top:var(--global-kb-spacing-sm, 1.5rem);padding-bottom:var(--global-kb-spacing-sm, 1.5rem);}#kt-layout-id_8ee659-70 > .kt-row-column-wrap > div:not(.added-for-specificity){grid-column:initial;}#kt-layout-id_8ee659-70 > .kt-row-column-wrap{grid-template-columns:minmax(0, 1fr);}#kt-layout-id_8ee659-70 > .kt-row-layout-overlay{opacity:0.30;}@media all and (max-width: 1024px){#kt-layout-id_8ee659-70 > .kt-row-column-wrap > div:not(.added-for-specificity){grid-column:initial;}}@media all and (max-width: 1024px){#kt-layout-id_8ee659-70 > .kt-row-column-wrap{grid-template-columns:minmax(0, 1fr);}}@media all and (max-width: 767px){#kt-layout-id_8ee659-70 > .kt-row-column-wrap > div:not(.added-for-specificity){grid-column:initial;}#kt-layout-id_8ee659-70 > .kt-row-column-wrap{grid-template-columns:minmax(0, 1fr);}}<\/style>\n<div class=\"wp-block-kadence-rowlayout alignnone p0 mo gate-box\"><div id=\"kt-layout-id_8ee659-70\" class=\"kt-row-layout-inner kt-layout-id_8ee659-70\"><div class=\"kt-row-column-wrap kt-has-3-columns kt-gutter-none kt-v-gutter-default kt-row-valign-top kt-row-layout-row kt-tab-layout-inherit kt-m-colapse-left-to-right kt-mobile-layout-row\"><style>.kadence-column_da9a9e-d8 > .kt-inside-inner-col{border-top-width:0px;border-right-width:0px;border-bottom-width:0px;border-left-width:0px;}.kadence-column_da9a9e-d8 > .kt-inside-inner-col,.kadence-column_da9a9e-d8 > .kt-inside-inner-col:before{border-top-left-radius:0px;border-top-right-radius:0px;border-bottom-right-radius:0px;border-bottom-left-radius:0px;}.kadence-column_da9a9e-d8 > .kt-inside-inner-col{column-gap:var(--global-kb-gap-sm, 1rem);}.kadence-column_da9a9e-d8 > .kt-inside-inner-col{flex-direction:column;}.kadence-column_da9a9e-d8 > .kt-inside-inner-col > .aligncenter{width:100%;}.kadence-column_da9a9e-d8 > .kt-inside-inner-col:before{opacity:0.3;}.kadence-column_da9a9e-d8{position:relative;}@media all and (max-width: 1024px){.kadence-column_da9a9e-d8 > .kt-inside-inner-col{flex-direction:column;justify-content:center;}}@media all and (max-width: 767px){.kadence-column_da9a9e-d8 > .kt-inside-inner-col{flex-direction:column;justify-content:center;}}<\/style>\n<div class=\"wp-block-kadence-column inner-column-1 kadence-column_da9a9e-d8\"><div class=\"kt-inside-inner-col\">\n<h2 class=\"wp-block-heading\">Formazione<\/h2>\n<\/div><\/div>\n\n\n<style>.kadence-column_5ebd4b-02 > .kt-inside-inner-col{border-top-width:0px;border-right-width:0px;border-bottom-width:0px;border-left-width:0px;}.kadence-column_5ebd4b-02 > .kt-inside-inner-col,.kadence-column_5ebd4b-02 > .kt-inside-inner-col:before{border-top-left-radius:0px;border-top-right-radius:0px;border-bottom-right-radius:0px;border-bottom-left-radius:0px;}.kadence-column_5ebd4b-02 > .kt-inside-inner-col{column-gap:var(--global-kb-gap-sm, 1rem);}.kadence-column_5ebd4b-02 > .kt-inside-inner-col{flex-direction:column;}.kadence-column_5ebd4b-02 > .kt-inside-inner-col > .aligncenter{width:100%;}.kadence-column_5ebd4b-02 > .kt-inside-inner-col:before{opacity:0.3;}.kadence-column_5ebd4b-02{position:relative;}@media all and (max-width: 1024px){.kadence-column_5ebd4b-02 > .kt-inside-inner-col{flex-direction:column;justify-content:center;}}@media all and (max-width: 767px){.kadence-column_5ebd4b-02 > .kt-inside-inner-col{flex-direction:column;justify-content:center;}}<\/style>\n<div class=\"wp-block-kadence-column inner-column-2 kadence-column_5ebd4b-02\"><div class=\"kt-inside-inner-col\">\n<p>Consulta le attivit\u00e0 di formazione e i relativi termini di partecipazione.&nbsp;<\/p>\n<\/div><\/div>\n\n\n<style>.kadence-column_7dca45-45 > .kt-inside-inner-col{border-top-width:0px;border-right-width:0px;border-bottom-width:0px;border-left-width:0px;}.kadence-column_7dca45-45 > .kt-inside-inner-col,.kadence-column_7dca45-45 > .kt-inside-inner-col:before{border-top-left-radius:0px;border-top-right-radius:0px;border-bottom-right-radius:0px;border-bottom-left-radius:0px;}.kadence-column_7dca45-45 > .kt-inside-inner-col{column-gap:var(--global-kb-gap-sm, 1rem);}.kadence-column_7dca45-45 > .kt-inside-inner-col{flex-direction:column;}.kadence-column_7dca45-45 > .kt-inside-inner-col > .aligncenter{width:100%;}.kadence-column_7dca45-45 > .kt-inside-inner-col:before{opacity:0.3;}.kadence-column_7dca45-45{position:relative;}@media all and (max-width: 1024px){.kadence-column_7dca45-45 > .kt-inside-inner-col{flex-direction:column;justify-content:center;}}@media all and (max-width: 767px){.kadence-column_7dca45-45 > .kt-inside-inner-col{flex-direction:column;justify-content:center;}}<\/style>\n<div class=\"wp-block-kadence-column inner-column-3 kadence-column_7dca45-45\"><div class=\"kt-inside-inner-col\">\n<a class=\"btn-blu\" href=\"\/it\/formazione\/\">SCOPRI DI PI\u00d9<img decoding=\"async\" src=\"\/wp-content\/uploads\/2020\/06\/arrow.png\"><\/a>\n<\/div><\/div>\n<\/div><\/div><\/div>\n<\/div><\/div>\n<\/div><\/div><\/div>\n","protected":false},"excerpt":{"rendered":"<p>Bandi di concorso Consulta regolarmente questa sezione per conoscere i bandi di concorso aperti. SCOPRI DI PI\u00d9 Formazione Consulta le attivit\u00e0 di formazione e i relativi termini di partecipazione.&nbsp; SCOPRI DI PI\u00d9<\/p>\n","protected":false},"author":1,"featured_media":0,"parent":0,"menu_order":0,"comment_status":"closed","ping_status":"closed","template":"page-templates\/page-kf-full.php","meta":{"_acf_changed":false,"_coblocks_attr":"","_coblocks_dimensions":"","_coblocks_responsive_height":"","_coblocks_accordion_ie_support":"","_genesis_hide_title":false,"_genesis_hide_breadcrumbs":false,"_genesis_hide_singular_image":false,"_genesis_hide_footer_widgets":false,"_genesis_custom_body_class":"gate-page","_genesis_custom_post_class":"","_genesis_layout":"","footnotes":""},"class_list":{"0":"post-584","1":"page","2":"type-page","3":"status-publish","5":"entry"},"acf":[],"yoast_head":"<!-- This site is optimized with the Yoast SEO plugin v27.3 - https:\/\/yoast.com\/product\/yoast-seo-wordpress\/ -->\n<title>Lavora Con Noi - Invio Curriculum | Gemelli Generator Roma<\/title>\n<meta name=\"description\" content=\"Invia il tuo curriculum al Policlinico Gemelli e lavora con noi. Scopri le ultime opportunit\u00e0 di lavoro sul sito e prendi parte al progetto Gemelli Generator\" \/>\n<meta name=\"robots\" content=\"index, follow, max-snippet:-1, max-image-preview:large, max-video-preview:-1\" \/>\n<link rel=\"canonical\" href=\"https:\/\/gemelligenerator.it\/it\/opportunita\/\" \/>\n<meta property=\"og:locale\" content=\"it_IT\" \/>\n<meta property=\"og:type\" content=\"article\" \/>\n<meta property=\"og:title\" content=\"Lavora Con Noi - Invio Curriculum | Gemelli Generator Roma\" \/>\n<meta property=\"og:description\" content=\"Invia il tuo curriculum al Policlinico Gemelli e lavora con noi. Scopri le ultime opportunit\u00e0 di lavoro sul sito e prendi parte al progetto Gemelli Generator\" \/>\n<meta property=\"og:url\" content=\"https:\/\/gemelligenerator.it\/it\/opportunita\/\" \/>\n<meta property=\"og:site_name\" content=\"GemelliGenerator\" \/>\n<meta property=\"article:modified_time\" content=\"2020-11-11T14:50:29+00:00\" \/>\n<meta property=\"og:image\" content=\"https:\/\/gemelligenerator.it\/wp-content\/uploads\/2020\/11\/opengraph_gemelli-generator_min.jpg\" \/>\n\t<meta property=\"og:image:width\" content=\"1200\" \/>\n\t<meta property=\"og:image:height\" content=\"627\" \/>\n\t<meta property=\"og:image:type\" content=\"image\/jpeg\" \/>\n<meta name=\"twitter:card\" content=\"summary_large_image\" \/>\n<script type=\"application\/ld+json\" class=\"yoast-schema-graph\">{\"@context\":\"https:\\\/\\\/schema.org\",\"@graph\":[{\"@type\":\"WebPage\",\"@id\":\"https:\\\/\\\/gemelligenerator.it\\\/it\\\/opportunita\\\/\",\"url\":\"https:\\\/\\\/gemelligenerator.it\\\/it\\\/opportunita\\\/\",\"name\":\"Lavora Con Noi - Invio Curriculum | Gemelli Generator Roma\",\"isPartOf\":{\"@id\":\"https:\\\/\\\/gemelligenerator.it\\\/it\\\/#website\"},\"datePublished\":\"2020-07-09T12:55:04+00:00\",\"dateModified\":\"2020-11-11T14:50:29+00:00\",\"description\":\"Invia il tuo curriculum al Policlinico Gemelli e lavora con noi. Scopri le ultime opportunit\u00e0 di lavoro sul sito e prendi parte al progetto Gemelli Generator\",\"breadcrumb\":{\"@id\":\"https:\\\/\\\/gemelligenerator.it\\\/it\\\/opportunita\\\/#breadcrumb\"},\"inLanguage\":\"it-IT\",\"potentialAction\":[{\"@type\":\"ReadAction\",\"target\":[\"https:\\\/\\\/gemelligenerator.it\\\/it\\\/opportunita\\\/\"]}]},{\"@type\":\"BreadcrumbList\",\"@id\":\"https:\\\/\\\/gemelligenerator.it\\\/it\\\/opportunita\\\/#breadcrumb\",\"itemListElement\":[{\"@type\":\"ListItem\",\"position\":1,\"name\":\"Home\",\"item\":\"https:\\\/\\\/gemelligenerator.it\\\/it\\\/\"},{\"@type\":\"ListItem\",\"position\":2,\"name\":\"Opportunit\u00e0\"}]},{\"@type\":\"WebSite\",\"@id\":\"https:\\\/\\\/gemelligenerator.it\\\/it\\\/#website\",\"url\":\"https:\\\/\\\/gemelligenerator.it\\\/it\\\/\",\"name\":\"GemelliGenerator\",\"description\":\"\",\"publisher\":{\"@id\":\"https:\\\/\\\/gemelligenerator.it\\\/it\\\/#organization\"},\"potentialAction\":[{\"@type\":\"SearchAction\",\"target\":{\"@type\":\"EntryPoint\",\"urlTemplate\":\"https:\\\/\\\/gemelligenerator.it\\\/it\\\/?s={search_term_string}\"},\"query-input\":{\"@type\":\"PropertyValueSpecification\",\"valueRequired\":true,\"valueName\":\"search_term_string\"}}],\"inLanguage\":\"it-IT\"},{\"@type\":\"Organization\",\"@id\":\"https:\\\/\\\/gemelligenerator.it\\\/it\\\/#organization\",\"name\":\"GemelliGenerator\",\"url\":\"https:\\\/\\\/gemelligenerator.it\\\/it\\\/\",\"logo\":{\"@type\":\"ImageObject\",\"inLanguage\":\"it-IT\",\"@id\":\"https:\\\/\\\/gemelligenerator.it\\\/it\\\/#\\\/schema\\\/logo\\\/image\\\/\",\"url\":\"https:\\\/\\\/gemelligenerator.it\\\/wp-content\\\/uploads\\\/2020\\\/06\\\/gem-gen-logo.png\",\"contentUrl\":\"https:\\\/\\\/gemelligenerator.it\\\/wp-content\\\/uploads\\\/2020\\\/06\\\/gem-gen-logo.png\",\"width\":701,\"height\":145,\"caption\":\"GemelliGenerator\"},\"image\":{\"@id\":\"https:\\\/\\\/gemelligenerator.it\\\/it\\\/#\\\/schema\\\/logo\\\/image\\\/\"}}]}<\/script>\n<!-- \/ Yoast SEO plugin. -->","yoast_head_json":{"title":"Lavora Con Noi - Invio Curriculum | Gemelli Generator Roma","description":"Invia il tuo curriculum al Policlinico Gemelli e lavora con noi. Scopri le ultime opportunit\u00e0 di lavoro sul sito e prendi parte al progetto Gemelli Generator","robots":{"index":"index","follow":"follow","max-snippet":"max-snippet:-1","max-image-preview":"max-image-preview:large","max-video-preview":"max-video-preview:-1"},"canonical":"https:\/\/gemelligenerator.it\/it\/opportunita\/","og_locale":"it_IT","og_type":"article","og_title":"Lavora Con Noi - Invio Curriculum | Gemelli Generator Roma","og_description":"Invia il tuo curriculum al Policlinico Gemelli e lavora con noi. Scopri le ultime opportunit\u00e0 di lavoro sul sito e prendi parte al progetto Gemelli Generator","og_url":"https:\/\/gemelligenerator.it\/it\/opportunita\/","og_site_name":"GemelliGenerator","article_modified_time":"2020-11-11T14:50:29+00:00","og_image":[{"width":1200,"height":627,"url":"https:\/\/gemelligenerator.it\/wp-content\/uploads\/2020\/11\/opengraph_gemelli-generator_min.jpg","type":"image\/jpeg"}],"twitter_card":"summary_large_image","schema":{"@context":"https:\/\/schema.org","@graph":[{"@type":"WebPage","@id":"https:\/\/gemelligenerator.it\/it\/opportunita\/","url":"https:\/\/gemelligenerator.it\/it\/opportunita\/","name":"Lavora Con Noi - Invio Curriculum | Gemelli Generator Roma","isPartOf":{"@id":"https:\/\/gemelligenerator.it\/it\/#website"},"datePublished":"2020-07-09T12:55:04+00:00","dateModified":"2020-11-11T14:50:29+00:00","description":"Invia il tuo curriculum al Policlinico Gemelli e lavora con noi. Scopri le ultime opportunit\u00e0 di lavoro sul sito e prendi parte al progetto Gemelli Generator","breadcrumb":{"@id":"https:\/\/gemelligenerator.it\/it\/opportunita\/#breadcrumb"},"inLanguage":"it-IT","potentialAction":[{"@type":"ReadAction","target":["https:\/\/gemelligenerator.it\/it\/opportunita\/"]}]},{"@type":"BreadcrumbList","@id":"https:\/\/gemelligenerator.it\/it\/opportunita\/#breadcrumb","itemListElement":[{"@type":"ListItem","position":1,"name":"Home","item":"https:\/\/gemelligenerator.it\/it\/"},{"@type":"ListItem","position":2,"name":"Opportunit\u00e0"}]},{"@type":"WebSite","@id":"https:\/\/gemelligenerator.it\/it\/#website","url":"https:\/\/gemelligenerator.it\/it\/","name":"GemelliGenerator","description":"","publisher":{"@id":"https:\/\/gemelligenerator.it\/it\/#organization"},"potentialAction":[{"@type":"SearchAction","target":{"@type":"EntryPoint","urlTemplate":"https:\/\/gemelligenerator.it\/it\/?s={search_term_string}"},"query-input":{"@type":"PropertyValueSpecification","valueRequired":true,"valueName":"search_term_string"}}],"inLanguage":"it-IT"},{"@type":"Organization","@id":"https:\/\/gemelligenerator.it\/it\/#organization","name":"GemelliGenerator","url":"https:\/\/gemelligenerator.it\/it\/","logo":{"@type":"ImageObject","inLanguage":"it-IT","@id":"https:\/\/gemelligenerator.it\/it\/#\/schema\/logo\/image\/","url":"https:\/\/gemelligenerator.it\/wp-content\/uploads\/2020\/06\/gem-gen-logo.png","contentUrl":"https:\/\/gemelligenerator.it\/wp-content\/uploads\/2020\/06\/gem-gen-logo.png","width":701,"height":145,"caption":"GemelliGenerator"},"image":{"@id":"https:\/\/gemelligenerator.it\/it\/#\/schema\/logo\/image\/"}}]}},"featured_image_src":null,"featured_image_src_square":null,"_links":{"self":[{"href":"https:\/\/gemelligenerator.it\/it\/wp-json\/wp\/v2\/pages\/584","targetHints":{"allow":["GET"]}}],"collection":[{"href":"https:\/\/gemelligenerator.it\/it\/wp-json\/wp\/v2\/pages"}],"about":[{"href":"https:\/\/gemelligenerator.it\/it\/wp-json\/wp\/v2\/types\/page"}],"author":[{"embeddable":true,"href":"https:\/\/gemelligenerator.it\/it\/wp-json\/wp\/v2\/users\/1"}],"replies":[{"embeddable":true,"href":"https:\/\/gemelligenerator.it\/it\/wp-json\/wp\/v2\/comments?post=584"}],"version-history":[{"count":1,"href":"https:\/\/gemelligenerator.it\/it\/wp-json\/wp\/v2\/pages\/584\/revisions"}],"predecessor-version":[{"id":3421,"href":"https:\/\/gemelligenerator.it\/it\/wp-json\/wp\/v2\/pages\/584\/revisions\/3421"}],"wp:attachment":[{"href":"https:\/\/gemelligenerator.it\/it\/wp-json\/wp\/v2\/media?parent=584"}],"curies":[{"name":"wp","href":"https:\/\/api.w.org\/{rel}","templated":true}]}}