{"id":562,"date":"2020-07-09T12:55:37","date_gmt":"2020-07-09T10:55:37","guid":{"rendered":"https:\/\/gemelligenerator.it\/?page_id=562"},"modified":"2020-07-27T16:32:47","modified_gmt":"2020-07-27T14:32:47","slug":"network-partners","status":"publish","type":"page","link":"https:\/\/gemelligenerator.it\/it\/network-partners\/","title":{"rendered":"Network &#038; Partners"},"content":{"rendered":"<style>#kt-layout-id_023cc6-04 > .kt-row-column-wrap{align-content:start;}:where(#kt-layout-id_023cc6-04 > .kt-row-column-wrap) > .wp-block-kadence-column{justify-content:start;}#kt-layout-id_023cc6-04 > .kt-row-column-wrap{column-gap:var(--global-kb-gap-md, 2rem);row-gap:var(--global-kb-gap-md, 2rem);padding-top:var( --global-kb-row-default-top, 25px );padding-bottom:var( --global-kb-row-default-bottom, 25px );padding-top:0px;padding-left:0px;padding-right:0px;grid-template-columns:minmax(0, 1fr);}#kt-layout-id_023cc6-04 > .kt-row-layout-overlay{opacity:0.30;}@media all and (max-width: 1024px){#kt-layout-id_023cc6-04 > .kt-row-column-wrap{grid-template-columns:minmax(0, 1fr);}}@media all and (max-width: 767px){#kt-layout-id_023cc6-04 > .kt-row-column-wrap{grid-template-columns:minmax(0, 1fr);}}<\/style>\n<div class=\"wp-block-kadence-rowlayout alignfull\"><div id=\"kt-layout-id_023cc6-04\" class=\"kt-row-layout-inner kt-layout-id_023cc6-04\"><div class=\"kt-row-column-wrap kt-has-1-columns kt-gutter-default kt-v-gutter-default kt-row-valign-top kt-row-layout-equal kt-tab-layout-inherit kt-m-colapse-left-to-right kt-mobile-layout-row\"><style>.kadence-column_429490-e1 > .kt-inside-inner-col{border-color:#b7d7ef;border-top-width:0px;border-right-width:0px;border-bottom-width:1px;border-left-width:0px;}.kadence-column_429490-e1 > .kt-inside-inner-col,.kadence-column_429490-e1 > .kt-inside-inner-col:before{border-top-left-radius:0px;border-top-right-radius:0px;border-bottom-right-radius:0px;border-bottom-left-radius:0px;}.kadence-column_429490-e1 > .kt-inside-inner-col{column-gap:var(--global-kb-gap-sm, 1rem);}.kadence-column_429490-e1 > .kt-inside-inner-col{flex-direction:column;}.kadence-column_429490-e1 > .kt-inside-inner-col > .aligncenter{width:100%;}.kadence-column_429490-e1 > .kt-inside-inner-col:before{opacity:0.3;}.kadence-column_429490-e1{position:relative;}@media all and (max-width: 1024px){.kadence-column_429490-e1 > .kt-inside-inner-col{flex-direction:column;justify-content:center;}}@media all and (max-width: 767px){.kadence-column_429490-e1 > .kt-inside-inner-col{flex-direction:column;justify-content:center;}}<\/style>\n<div class=\"wp-block-kadence-column inner-column-1 kadence-column_429490-e1\"><div class=\"kt-inside-inner-col\"><style>#kt-layout-id_e4bf6d-c7 > .kt-row-column-wrap{align-content:start;}:where(#kt-layout-id_e4bf6d-c7 > .kt-row-column-wrap) > .wp-block-kadence-column{justify-content:start;}#kt-layout-id_e4bf6d-c7 > .kt-row-column-wrap{column-gap:var(--global-kb-gap-md, 2rem);row-gap:var(--global-kb-gap-md, 2rem);padding-top:var( --global-kb-row-default-top, 25px );padding-bottom:var( --global-kb-row-default-bottom, 25px );padding-bottom:0px;padding-left:0px;padding-right:0px;grid-template-columns:minmax(0, calc(20% - ((var(--global-kb-gap-md, 2rem) * 1 )\/2)))minmax(0, calc(80% - ((var(--global-kb-gap-md, 2rem) * 1 )\/2)));}#kt-layout-id_e4bf6d-c7 > .kt-row-layout-overlay{opacity:0.30;}@media all and (max-width: 1024px){#kt-layout-id_e4bf6d-c7 > .kt-row-column-wrap{grid-template-columns:minmax(0, 1fr) minmax(0, 2fr);}}@media all and (max-width: 767px){#kt-layout-id_e4bf6d-c7 > .kt-row-column-wrap{grid-template-columns:minmax(0, 1fr);}}<\/style>\n<div class=\"wp-block-kadence-rowlayout alignnone\"><div id=\"kt-layout-id_e4bf6d-c7\" class=\"kt-row-layout-inner kt-layout-id_e4bf6d-c7\"><div class=\"kt-row-column-wrap kt-has-2-columns kt-gutter-default kt-v-gutter-default kt-row-valign-top kt-row-layout-right-golden kt-tab-layout-inherit kt-m-colapse-left-to-right kt-mobile-layout-row  kt-custom-first-width-20  kt-custom-second-width-80\"><style>.kadence-column_7f9676-29 > .kt-inside-inner-col{padding-top:0px;padding-bottom:0px;padding-left:0px;padding-right:0px;}.kadence-column_7f9676-29 > .kt-inside-inner-col{border-top-width:0px;border-right-width:0px;border-bottom-width:0px;border-left-width:0px;}.kadence-column_7f9676-29 > .kt-inside-inner-col,.kadence-column_7f9676-29 > .kt-inside-inner-col:before{border-top-left-radius:0px;border-top-right-radius:0px;border-bottom-right-radius:0px;border-bottom-left-radius:0px;}.kadence-column_7f9676-29 > .kt-inside-inner-col{column-gap:var(--global-kb-gap-sm, 1rem);}.kadence-column_7f9676-29 > .kt-inside-inner-col{flex-direction:column;}.kadence-column_7f9676-29 > .kt-inside-inner-col > .aligncenter{width:100%;}.kadence-column_7f9676-29 > .kt-inside-inner-col:before{opacity:0.3;}.kadence-column_7f9676-29{position:relative;}.wp-block-kadence-column.kadence-column_7f9676-29 > .kt-inside-inner-col{margin-top:0px;margin-bottom:0px;margin-right:0px;margin-left:0px;}@media all and (max-width: 1024px){.kadence-column_7f9676-29 > .kt-inside-inner-col{flex-direction:column;justify-content:center;}}@media all and (max-width: 767px){.kadence-column_7f9676-29 > .kt-inside-inner-col{flex-direction:column;justify-content:center;}}<\/style>\n<div class=\"wp-block-kadence-column inner-column-1 kadence-column_7f9676-29\"><div class=\"kt-inside-inner-col\">\n<figure class=\"wp-block-image size-large is-resized\"><img loading=\"lazy\" decoding=\"async\" src=\"https:\/\/gemelligenerator.it\/wp-content\/uploads\/2020\/07\/innovation-sprint-logo.png\" alt=\"\" class=\"wp-image-1841\" width=\"150\" height=\"150\" srcset=\"https:\/\/gemelligenerator.it\/wp-content\/uploads\/2020\/07\/innovation-sprint-logo.png 1000w, https:\/\/gemelligenerator.it\/wp-content\/uploads\/2020\/07\/innovation-sprint-logo-300x300.png 300w, https:\/\/gemelligenerator.it\/wp-content\/uploads\/2020\/07\/innovation-sprint-logo-150x150.png 150w, https:\/\/gemelligenerator.it\/wp-content\/uploads\/2020\/07\/innovation-sprint-logo-768x768.png 768w, https:\/\/gemelligenerator.it\/wp-content\/uploads\/2020\/07\/innovation-sprint-logo-75x75.png 75w, https:\/\/gemelligenerator.it\/wp-content\/uploads\/2020\/07\/innovation-sprint-logo-600x600.png 600w\" sizes=\"auto, (max-width: 150px) 100vw, 150px\" \/><\/figure>\n<\/div><\/div>\n\n\n<style>.kadence-column_9770c3-21 > .kt-inside-inner-col{padding-top:125px;}.kadence-column_9770c3-21 > .kt-inside-inner-col{border-top-width:0px;border-right-width:0px;border-bottom-width:0px;border-left-width:0px;}.kadence-column_9770c3-21 > .kt-inside-inner-col,.kadence-column_9770c3-21 > .kt-inside-inner-col:before{border-top-left-radius:0px;border-top-right-radius:0px;border-bottom-right-radius:0px;border-bottom-left-radius:0px;}.kadence-column_9770c3-21 > .kt-inside-inner-col{column-gap:var(--global-kb-gap-sm, 1rem);}.kadence-column_9770c3-21 > .kt-inside-inner-col{flex-direction:column;}.kadence-column_9770c3-21 > .kt-inside-inner-col > .aligncenter{width:100%;}.kadence-column_9770c3-21 > .kt-inside-inner-col:before{opacity:0.3;}.kadence-column_9770c3-21{position:relative;}@media all and (max-width: 1024px){.kadence-column_9770c3-21 > .kt-inside-inner-col{flex-direction:column;justify-content:center;}}@media all and (max-width: 767px){.kadence-column_9770c3-21 > .kt-inside-inner-col{flex-direction:column;justify-content:center;}}<\/style>\n<div class=\"wp-block-kadence-column inner-column-2 kadence-column_9770c3-21\"><div class=\"kt-inside-inner-col\"><style>.wp-block-kadence-advancedheading.kt-adv-heading_ccea2e-b7, .wp-block-kadence-advancedheading.kt-adv-heading_ccea2e-b7[data-kb-block=\"kb-adv-heading_ccea2e-b7\"]{font-style:normal;}.wp-block-kadence-advancedheading.kt-adv-heading_ccea2e-b7 mark.kt-highlight, .wp-block-kadence-advancedheading.kt-adv-heading_ccea2e-b7[data-kb-block=\"kb-adv-heading_ccea2e-b7\"] mark.kt-highlight{font-style:normal;color:#f76a0c;-webkit-box-decoration-break:clone;box-decoration-break:clone;padding-top:0px;padding-right:0px;padding-bottom:0px;padding-left:0px;}.wp-block-kadence-advancedheading.kt-adv-heading_ccea2e-b7 img.kb-inline-image, .wp-block-kadence-advancedheading.kt-adv-heading_ccea2e-b7[data-kb-block=\"kb-adv-heading_ccea2e-b7\"] img.kb-inline-image{width:150px;vertical-align:baseline;}<\/style>\n<h2 id=\"kt-adv-heading_ccea2e-b7\" class=\"kt-adv-heading_ccea2e-b7 wp-block-kadence-advancedheading\"><strong>Innovation Sprint<\/strong><\/h2>\n<\/div><\/div>\n<\/div><\/div><\/div>\n\n\n\n<p>Azienda specializzata nell\u2019eHealth, molto attiva in vari domini dell\u2019Healthcare e Ricerca Medica, opera a livello europeo dal 2016 con ampio network di collaborazioni con importanti istituzioni cliniche e aziende farmaceutiche.&nbsp; La partnership con GENERATOR \u00e8 primariamente focalizzata sull\u2019applicazione dell\u2019eHealth a studi clinici, consentendo di eseguire studi prospettici e l\u2019effettuazione di PROMs (Patient Reported Outcome Measurement) e PREMs (Patient Reported Experience Measurement) per i pazienti che acconsentono a partecipare ad una ricerca clinica. Tale metodologia di studio \u00e8 basata sull\u2019utilizzo dell\u2019applicazione Healthentia di Innovation Sprint, che consente di seguire il paziente con continuit\u00e0 per quanto concerne sintomi, stato di salute, stato emotivo, abilitando una interazione costante fra medico e paziente, ed al tempo stesso consentendo di seguire l\u2019evoluzione di una coorte di pazienti con grande efficacia e beneficio per il paziente e la ricerca clinica. Inoltre, integrando PROMs e PREMs con le informazioni dei DataMart verticali di GENERATOR, \u00e8 possibile costruire cluster fenotipici e supportare modelli predittivi per l\u2019evoluzione patologica, l\u2019efficacia delle terapie, la qualit\u00e0 della vita. Ad oggi sono gi\u00e0 attivi due studi basati su tale collaborazione che si espander\u00e0 grazie alle potenzialit\u00e0 offerte da queste metodologie.<\/p>\n<\/div><\/div>\n<\/div><\/div><\/div>\n","protected":false},"excerpt":{"rendered":"<p>Innovation Sprint Azienda specializzata nell\u2019eHealth, molto attiva in vari domini dell\u2019Healthcare e Ricerca Medica, opera a livello europeo dal 2016 con ampio network di collaborazioni con importanti istituzioni cliniche e aziende farmaceutiche.&nbsp; La partnership con GENERATOR \u00e8 primariamente focalizzata sull\u2019applicazione dell\u2019eHealth a studi clinici, consentendo di eseguire studi prospettici e l\u2019effettuazione di PROMs (Patient Reported [&hellip;]<\/p>\n","protected":false},"author":1,"featured_media":0,"parent":0,"menu_order":0,"comment_status":"closed","ping_status":"closed","template":"page-templates\/page-kf-full.php","meta":{"_acf_changed":false,"_coblocks_attr":"","_coblocks_dimensions":"","_coblocks_responsive_height":"","_coblocks_accordion_ie_support":"","_genesis_hide_title":false,"_genesis_hide_breadcrumbs":false,"_genesis_hide_singular_image":false,"_genesis_hide_footer_widgets":false,"_genesis_custom_body_class":"","_genesis_custom_post_class":"","_genesis_layout":"","footnotes":""},"class_list":{"0":"post-562","1":"page","2":"type-page","3":"status-publish","5":"entry"},"acf":[],"yoast_head":"<!-- This site is optimized with the Yoast SEO plugin v27.4 - https:\/\/yoast.com\/product\/yoast-seo-wordpress\/ -->\n<title>Il nostro Network di Partners | Policlinico Gemelli | Generator<\/title>\n<meta name=\"description\" content=\"Tutto sul mondo dei partners del Policlinico Gemelli Generator\" \/>\n<meta name=\"robots\" content=\"index, follow, max-snippet:-1, max-image-preview:large, max-video-preview:-1\" \/>\n<link rel=\"canonical\" href=\"https:\/\/gemelligenerator.it\/it\/network-partners\/\" \/>\n<meta property=\"og:locale\" content=\"it_IT\" \/>\n<meta property=\"og:type\" content=\"article\" \/>\n<meta property=\"og:title\" content=\"Il nostro Network di Partners | Policlinico Gemelli | Generator\" \/>\n<meta property=\"og:description\" content=\"Tutto sul mondo dei partners del Policlinico Gemelli Generator\" \/>\n<meta property=\"og:url\" content=\"https:\/\/gemelligenerator.it\/it\/network-partners\/\" \/>\n<meta property=\"og:site_name\" content=\"GemelliGenerator\" \/>\n<meta property=\"article:modified_time\" content=\"2020-07-27T14:32:47+00:00\" \/>\n<meta property=\"og:image\" content=\"https:\/\/www.gemelligenerator.it\/wp-content\/uploads\/2020\/07\/innovation-sprint-logo.png\" \/>\n<meta name=\"twitter:card\" content=\"summary_large_image\" \/>\n<meta name=\"twitter:label1\" content=\"Tempo di lettura stimato\" \/>\n\t<meta name=\"twitter:data1\" content=\"1 minuto\" \/>\n<script type=\"application\/ld+json\" class=\"yoast-schema-graph\">{\"@context\":\"https:\\\/\\\/schema.org\",\"@graph\":[{\"@type\":\"WebPage\",\"@id\":\"https:\\\/\\\/gemelligenerator.it\\\/it\\\/network-partners\\\/\",\"url\":\"https:\\\/\\\/gemelligenerator.it\\\/it\\\/network-partners\\\/\",\"name\":\"Il nostro Network di Partners | Policlinico Gemelli | Generator\",\"isPartOf\":{\"@id\":\"https:\\\/\\\/gemelligenerator.it\\\/it\\\/#website\"},\"primaryImageOfPage\":{\"@id\":\"https:\\\/\\\/gemelligenerator.it\\\/it\\\/network-partners\\\/#primaryimage\"},\"image\":{\"@id\":\"https:\\\/\\\/gemelligenerator.it\\\/it\\\/network-partners\\\/#primaryimage\"},\"thumbnailUrl\":\"https:\\\/\\\/gemelligenerator.it\\\/wp-content\\\/uploads\\\/2020\\\/07\\\/innovation-sprint-logo.png\",\"datePublished\":\"2020-07-09T10:55:37+00:00\",\"dateModified\":\"2020-07-27T14:32:47+00:00\",\"description\":\"Tutto sul mondo dei partners del Policlinico Gemelli Generator\",\"breadcrumb\":{\"@id\":\"https:\\\/\\\/gemelligenerator.it\\\/it\\\/network-partners\\\/#breadcrumb\"},\"inLanguage\":\"it-IT\",\"potentialAction\":[{\"@type\":\"ReadAction\",\"target\":[\"https:\\\/\\\/gemelligenerator.it\\\/it\\\/network-partners\\\/\"]}]},{\"@type\":\"ImageObject\",\"inLanguage\":\"it-IT\",\"@id\":\"https:\\\/\\\/gemelligenerator.it\\\/it\\\/network-partners\\\/#primaryimage\",\"url\":\"https:\\\/\\\/gemelligenerator.it\\\/wp-content\\\/uploads\\\/2020\\\/07\\\/innovation-sprint-logo.png\",\"contentUrl\":\"https:\\\/\\\/gemelligenerator.it\\\/wp-content\\\/uploads\\\/2020\\\/07\\\/innovation-sprint-logo.png\"},{\"@type\":\"BreadcrumbList\",\"@id\":\"https:\\\/\\\/gemelligenerator.it\\\/it\\\/network-partners\\\/#breadcrumb\",\"itemListElement\":[{\"@type\":\"ListItem\",\"position\":1,\"name\":\"Home\",\"item\":\"https:\\\/\\\/gemelligenerator.it\\\/it\\\/\"},{\"@type\":\"ListItem\",\"position\":2,\"name\":\"Network &#038; Partners\"}]},{\"@type\":\"WebSite\",\"@id\":\"https:\\\/\\\/gemelligenerator.it\\\/it\\\/#website\",\"url\":\"https:\\\/\\\/gemelligenerator.it\\\/it\\\/\",\"name\":\"GemelliGenerator\",\"description\":\"\",\"publisher\":{\"@id\":\"https:\\\/\\\/gemelligenerator.it\\\/it\\\/#organization\"},\"potentialAction\":[{\"@type\":\"SearchAction\",\"target\":{\"@type\":\"EntryPoint\",\"urlTemplate\":\"https:\\\/\\\/gemelligenerator.it\\\/it\\\/?s={search_term_string}\"},\"query-input\":{\"@type\":\"PropertyValueSpecification\",\"valueRequired\":true,\"valueName\":\"search_term_string\"}}],\"inLanguage\":\"it-IT\"},{\"@type\":\"Organization\",\"@id\":\"https:\\\/\\\/gemelligenerator.it\\\/it\\\/#organization\",\"name\":\"GemelliGenerator\",\"url\":\"https:\\\/\\\/gemelligenerator.it\\\/it\\\/\",\"logo\":{\"@type\":\"ImageObject\",\"inLanguage\":\"it-IT\",\"@id\":\"https:\\\/\\\/gemelligenerator.it\\\/it\\\/#\\\/schema\\\/logo\\\/image\\\/\",\"url\":\"https:\\\/\\\/gemelligenerator.it\\\/wp-content\\\/uploads\\\/2020\\\/06\\\/gem-gen-logo.png\",\"contentUrl\":\"https:\\\/\\\/gemelligenerator.it\\\/wp-content\\\/uploads\\\/2020\\\/06\\\/gem-gen-logo.png\",\"width\":701,\"height\":145,\"caption\":\"GemelliGenerator\"},\"image\":{\"@id\":\"https:\\\/\\\/gemelligenerator.it\\\/it\\\/#\\\/schema\\\/logo\\\/image\\\/\"}}]}<\/script>\n<!-- \/ Yoast SEO plugin. -->","yoast_head_json":{"title":"Il nostro Network di Partners | Policlinico Gemelli | Generator","description":"Tutto sul mondo dei partners del Policlinico Gemelli Generator","robots":{"index":"index","follow":"follow","max-snippet":"max-snippet:-1","max-image-preview":"max-image-preview:large","max-video-preview":"max-video-preview:-1"},"canonical":"https:\/\/gemelligenerator.it\/it\/network-partners\/","og_locale":"it_IT","og_type":"article","og_title":"Il nostro Network di Partners | Policlinico Gemelli | Generator","og_description":"Tutto sul mondo dei partners del Policlinico Gemelli Generator","og_url":"https:\/\/gemelligenerator.it\/it\/network-partners\/","og_site_name":"GemelliGenerator","article_modified_time":"2020-07-27T14:32:47+00:00","og_image":[{"url":"https:\/\/www.gemelligenerator.it\/wp-content\/uploads\/2020\/07\/innovation-sprint-logo.png","type":"","width":"","height":""}],"twitter_card":"summary_large_image","twitter_misc":{"Tempo di lettura stimato":"1 minuto"},"schema":{"@context":"https:\/\/schema.org","@graph":[{"@type":"WebPage","@id":"https:\/\/gemelligenerator.it\/it\/network-partners\/","url":"https:\/\/gemelligenerator.it\/it\/network-partners\/","name":"Il nostro Network di Partners | Policlinico Gemelli | Generator","isPartOf":{"@id":"https:\/\/gemelligenerator.it\/it\/#website"},"primaryImageOfPage":{"@id":"https:\/\/gemelligenerator.it\/it\/network-partners\/#primaryimage"},"image":{"@id":"https:\/\/gemelligenerator.it\/it\/network-partners\/#primaryimage"},"thumbnailUrl":"https:\/\/gemelligenerator.it\/wp-content\/uploads\/2020\/07\/innovation-sprint-logo.png","datePublished":"2020-07-09T10:55:37+00:00","dateModified":"2020-07-27T14:32:47+00:00","description":"Tutto sul mondo dei partners del Policlinico Gemelli Generator","breadcrumb":{"@id":"https:\/\/gemelligenerator.it\/it\/network-partners\/#breadcrumb"},"inLanguage":"it-IT","potentialAction":[{"@type":"ReadAction","target":["https:\/\/gemelligenerator.it\/it\/network-partners\/"]}]},{"@type":"ImageObject","inLanguage":"it-IT","@id":"https:\/\/gemelligenerator.it\/it\/network-partners\/#primaryimage","url":"https:\/\/gemelligenerator.it\/wp-content\/uploads\/2020\/07\/innovation-sprint-logo.png","contentUrl":"https:\/\/gemelligenerator.it\/wp-content\/uploads\/2020\/07\/innovation-sprint-logo.png"},{"@type":"BreadcrumbList","@id":"https:\/\/gemelligenerator.it\/it\/network-partners\/#breadcrumb","itemListElement":[{"@type":"ListItem","position":1,"name":"Home","item":"https:\/\/gemelligenerator.it\/it\/"},{"@type":"ListItem","position":2,"name":"Network &#038; Partners"}]},{"@type":"WebSite","@id":"https:\/\/gemelligenerator.it\/it\/#website","url":"https:\/\/gemelligenerator.it\/it\/","name":"GemelliGenerator","description":"","publisher":{"@id":"https:\/\/gemelligenerator.it\/it\/#organization"},"potentialAction":[{"@type":"SearchAction","target":{"@type":"EntryPoint","urlTemplate":"https:\/\/gemelligenerator.it\/it\/?s={search_term_string}"},"query-input":{"@type":"PropertyValueSpecification","valueRequired":true,"valueName":"search_term_string"}}],"inLanguage":"it-IT"},{"@type":"Organization","@id":"https:\/\/gemelligenerator.it\/it\/#organization","name":"GemelliGenerator","url":"https:\/\/gemelligenerator.it\/it\/","logo":{"@type":"ImageObject","inLanguage":"it-IT","@id":"https:\/\/gemelligenerator.it\/it\/#\/schema\/logo\/image\/","url":"https:\/\/gemelligenerator.it\/wp-content\/uploads\/2020\/06\/gem-gen-logo.png","contentUrl":"https:\/\/gemelligenerator.it\/wp-content\/uploads\/2020\/06\/gem-gen-logo.png","width":701,"height":145,"caption":"GemelliGenerator"},"image":{"@id":"https:\/\/gemelligenerator.it\/it\/#\/schema\/logo\/image\/"}}]}},"featured_image_src":null,"featured_image_src_square":null,"_links":{"self":[{"href":"https:\/\/gemelligenerator.it\/it\/wp-json\/wp\/v2\/pages\/562","targetHints":{"allow":["GET"]}}],"collection":[{"href":"https:\/\/gemelligenerator.it\/it\/wp-json\/wp\/v2\/pages"}],"about":[{"href":"https:\/\/gemelligenerator.it\/it\/wp-json\/wp\/v2\/types\/page"}],"author":[{"embeddable":true,"href":"https:\/\/gemelligenerator.it\/it\/wp-json\/wp\/v2\/users\/1"}],"replies":[{"embeddable":true,"href":"https:\/\/gemelligenerator.it\/it\/wp-json\/wp\/v2\/comments?post=562"}],"version-history":[{"count":0,"href":"https:\/\/gemelligenerator.it\/it\/wp-json\/wp\/v2\/pages\/562\/revisions"}],"wp:attachment":[{"href":"https:\/\/gemelligenerator.it\/it\/wp-json\/wp\/v2\/media?parent=562"}],"curies":[{"name":"wp","href":"https:\/\/api.w.org\/{rel}","templated":true}]}}