{"id":530,"date":"2020-07-09T12:28:04","date_gmt":"2020-07-09T10:28:04","guid":{"rendered":"https:\/\/gemelligenerator.it\/?page_id=530"},"modified":"2022-02-11T10:04:34","modified_gmt":"2022-02-11T09:04:34","slug":"governance","status":"publish","type":"page","link":"https:\/\/gemelligenerator.it\/it\/chi-siamo\/governance\/","title":{"rendered":"Governance"},"content":{"rendered":"\n<p style=\"font-size:18px\">Prof. <strong>Vincenzo Valentini<\/strong><br>Direttore Scientifico Gemelli Generator, Vice Direttore IRCCS con delega BIG DATA<\/p>\n\n\n\n<p style=\"font-size:18px\">Dr. <strong><strong>Stefano Patarnello<\/strong><\/strong><br>Chief Operating Officer (COO) Gemelli Generator<\/p>\n\n\n\n<div style=\"height:20px\" aria-hidden=\"true\" class=\"wp-block-spacer\"><\/div>\n\n\n\n<hr class=\"wp-block-separator is-style-wide\"\/>\n\n\n\n<div style=\"height:20px\" aria-hidden=\"true\" class=\"wp-block-spacer\"><\/div>\n\n\n\n<h2 class=\"has-theme-primary-color has-text-color wp-block-heading\">Le video interviste<\/h2>\n\n\n<style>#kt-layout-id_6e2613-7e > .kt-row-column-wrap{align-content:start;}:where(#kt-layout-id_6e2613-7e > .kt-row-column-wrap) > .wp-block-kadence-column{justify-content:start;}#kt-layout-id_6e2613-7e > .kt-row-column-wrap{column-gap:var(--global-kb-gap-md, 2rem);row-gap:var(--global-kb-gap-md, 2rem);padding-top:var( --global-kb-row-default-top, 25px );padding-bottom:var( --global-kb-row-default-bottom, 25px );padding-top:var(--global-kb-spacing-sm, 1.5rem);padding-bottom:var(--global-kb-spacing-sm, 1.5rem);}#kt-layout-id_6e2613-7e > .kt-row-column-wrap > div:not(.added-for-specificity){grid-column:initial;}#kt-layout-id_6e2613-7e > .kt-row-column-wrap{grid-template-columns:repeat(4, minmax(0, 1fr));}#kt-layout-id_6e2613-7e > .kt-row-layout-overlay{opacity:0.30;}@media all and (max-width: 1024px){#kt-layout-id_6e2613-7e > .kt-row-column-wrap > div:not(.added-for-specificity){grid-column:initial;}}@media all and (max-width: 1024px){#kt-layout-id_6e2613-7e > .kt-row-column-wrap{grid-template-columns:repeat(4, minmax(0, 1fr));}}@media all and (max-width: 767px){#kt-layout-id_6e2613-7e > .kt-row-column-wrap > div:not(.added-for-specificity){grid-column:initial;}#kt-layout-id_6e2613-7e > .kt-row-column-wrap{grid-template-columns:minmax(0, 1fr);}}<\/style>\n<div class=\"wp-block-kadence-rowlayout alignnone\"><div id=\"kt-layout-id_6e2613-7e\" class=\"kt-row-layout-inner kt-layout-id_6e2613-7e\"><div class=\"kt-row-column-wrap kt-has-4-columns kt-gutter-default kt-v-gutter-default kt-row-valign-top kt-row-layout-equal kt-tab-layout-inherit kt-m-colapse-left-to-right kt-mobile-layout-row\"><style>.kadence-column_892cd8-5c > .kt-inside-inner-col{border-top-width:0px;border-right-width:0px;border-bottom-width:0px;border-left-width:0px;}.kadence-column_892cd8-5c > .kt-inside-inner-col,.kadence-column_892cd8-5c > .kt-inside-inner-col:before{border-top-left-radius:0px;border-top-right-radius:0px;border-bottom-right-radius:0px;border-bottom-left-radius:0px;}.kadence-column_892cd8-5c > .kt-inside-inner-col{column-gap:var(--global-kb-gap-sm, 1rem);}.kadence-column_892cd8-5c > .kt-inside-inner-col{flex-direction:column;}.kadence-column_892cd8-5c > .kt-inside-inner-col > .aligncenter{width:100%;}.kadence-column_892cd8-5c > .kt-inside-inner-col:before{opacity:0.3;}.kadence-column_892cd8-5c{position:relative;}@media all and (max-width: 1024px){.kadence-column_892cd8-5c > .kt-inside-inner-col{flex-direction:column;justify-content:center;}}@media all and (max-width: 767px){.kadence-column_892cd8-5c > .kt-inside-inner-col{flex-direction:column;justify-content:center;}}<\/style>\n<div class=\"wp-block-kadence-column inner-column-1 kadence-column_892cd8-5c\"><div class=\"kt-inside-inner-col\"><video muted poster=\"\/wp-content\/uploads\/2020\/10\/prof-vincenzo-valentini-video.jpg\" controls ><source src=\"https:\/\/goat.keyformat.it\/video\/gemelli-generator\/vincenzo-valentini-gemelli-generator.mp4\" type=\"video\/mp4\"><\/video>\n\n\n\n<p class=\"has-text-align-center\" style=\"margin-bottom: 1rem; margin-top: 1rem;\">Prof.&nbsp;<strong>Vincenzo Valentini<\/strong><\/p>\n\n\n\n<p class=\"has-text-align-center has-small-font-size\">Direttore Scientifico Gemelli Generator, Vice Direttore IRCCS con delega BIG DATA<\/p>\n<\/div><\/div>\n\n\n<style>.kadence-column_76d5f6-50 > .kt-inside-inner-col{border-top-width:0px;border-right-width:0px;border-bottom-width:0px;border-left-width:0px;}.kadence-column_76d5f6-50 > .kt-inside-inner-col,.kadence-column_76d5f6-50 > .kt-inside-inner-col:before{border-top-left-radius:0px;border-top-right-radius:0px;border-bottom-right-radius:0px;border-bottom-left-radius:0px;}.kadence-column_76d5f6-50 > .kt-inside-inner-col{column-gap:var(--global-kb-gap-sm, 1rem);}.kadence-column_76d5f6-50 > .kt-inside-inner-col{flex-direction:column;}.kadence-column_76d5f6-50 > .kt-inside-inner-col > .aligncenter{width:100%;}.kadence-column_76d5f6-50 > .kt-inside-inner-col:before{opacity:0.3;}.kadence-column_76d5f6-50{position:relative;}@media all and (max-width: 1024px){.kadence-column_76d5f6-50 > .kt-inside-inner-col{flex-direction:column;justify-content:center;}}@media all and (max-width: 767px){.kadence-column_76d5f6-50 > .kt-inside-inner-col{flex-direction:column;justify-content:center;}}<\/style>\n<div class=\"wp-block-kadence-column inner-column-2 kadence-column_76d5f6-50\"><div class=\"kt-inside-inner-col\"><video muted poster=\"\/wp-content\/uploads\/2020\/10\/paternello-video.jpg\" controls ><source src=\"https:\/\/goat.keyformat.it\/video\/gemelli-generator\/paternello-gemelli-generator.mp4\" type=\"video\/mp4\"><\/video>\n\n\n\n<p class=\"has-text-align-center\" style=\"margin-bottom: 1rem; margin-top: 1rem;\">Dr. <strong> Stefano Patarnello<\/strong><\/p>\n\n\n\n<p class=\"has-text-align-center has-small-font-size\">Chief Operating Officer (COO) Gemelli Generator<\/p>\n<\/div><\/div>\n\n\n<style>.kadence-column_2979a7-6f > .kt-inside-inner-col{border-top-width:0px;border-right-width:0px;border-bottom-width:0px;border-left-width:0px;}.kadence-column_2979a7-6f > .kt-inside-inner-col,.kadence-column_2979a7-6f > .kt-inside-inner-col:before{border-top-left-radius:0px;border-top-right-radius:0px;border-bottom-right-radius:0px;border-bottom-left-radius:0px;}.kadence-column_2979a7-6f > .kt-inside-inner-col{column-gap:var(--global-kb-gap-sm, 1rem);}.kadence-column_2979a7-6f > .kt-inside-inner-col{flex-direction:column;}.kadence-column_2979a7-6f > .kt-inside-inner-col > .aligncenter{width:100%;}.kadence-column_2979a7-6f > .kt-inside-inner-col:before{opacity:0.3;}.kadence-column_2979a7-6f{position:relative;}@media all and (max-width: 1024px){.kadence-column_2979a7-6f > .kt-inside-inner-col{flex-direction:column;justify-content:center;}}@media all and (max-width: 767px){.kadence-column_2979a7-6f > .kt-inside-inner-col{flex-direction:column;justify-content:center;}}<\/style>\n<div class=\"wp-block-kadence-column inner-column-3 kadence-column_2979a7-6f\"><div class=\"kt-inside-inner-col\"><video muted poster=\"\/wp-content\/uploads\/2020\/10\/scambia-video.jpg\" controls ><source src=\"https:\/\/goat.keyformat.it\/video\/gemelli-generator\/scambia-gemelli-generator.mp4\" type=\"video\/mp4\"><\/video>\n\n\n\n<p class=\"has-text-align-center\" style=\"margin-bottom: 1rem; margin-top: 1rem;\">Prof.&nbsp;<strong>Giovanni Scambia<\/strong><\/p>\n\n\n\n<p class=\"has-text-align-center has-small-font-size\">Direttore Scientifico IRCCS, Direttore Unit\u00e0 Operativa Ginecologia Oncologica<\/p>\n<\/div><\/div>\n\n\n<style>.kadence-column_fecfdd-d9 > .kt-inside-inner-col{border-top-width:0px;border-right-width:0px;border-bottom-width:0px;border-left-width:0px;}.kadence-column_fecfdd-d9 > .kt-inside-inner-col,.kadence-column_fecfdd-d9 > .kt-inside-inner-col:before{border-top-left-radius:0px;border-top-right-radius:0px;border-bottom-right-radius:0px;border-bottom-left-radius:0px;}.kadence-column_fecfdd-d9 > .kt-inside-inner-col{column-gap:var(--global-kb-gap-sm, 1rem);}.kadence-column_fecfdd-d9 > .kt-inside-inner-col{flex-direction:column;}.kadence-column_fecfdd-d9 > .kt-inside-inner-col > .aligncenter{width:100%;}.kadence-column_fecfdd-d9 > .kt-inside-inner-col:before{opacity:0.3;}.kadence-column_fecfdd-d9{position:relative;}@media all and (max-width: 1024px){.kadence-column_fecfdd-d9 > .kt-inside-inner-col{flex-direction:column;justify-content:center;}}@media all and (max-width: 767px){.kadence-column_fecfdd-d9 > .kt-inside-inner-col{flex-direction:column;justify-content:center;}}<\/style>\n<div class=\"wp-block-kadence-column inner-column-4 kadence-column_fecfdd-d9\"><div class=\"kt-inside-inner-col\"><video muted poster=\"\/wp-content\/uploads\/2020\/10\/antonio-marchetti-video.jpg\" controls ><source src=\"https:\/\/goat.keyformat.it\/video\/gemelli-generator\/antonio-marchetti-gemelli-generator.mp4\" type=\"video\/mp4\"><\/video>\n\n\n\n<p class=\"has-text-align-center\" style=\"margin-bottom: 1rem; margin-top: 1rem;\">Dr.<strong> Antonio Marchetti<\/strong><\/p>\n\n\n\n<p class=\"has-text-align-center has-small-font-size\">Data Warehouse Manager<\/p>\n<\/div><\/div>\n<\/div><\/div><\/div>\n\n\n\n<div style=\"height:20px\" aria-hidden=\"true\" class=\"wp-block-spacer\"><\/div>\n\n\n\n<hr class=\"wp-block-separator is-style-wide\"\/>\n\n\n\n<div style=\"height:20px\" aria-hidden=\"true\" class=\"wp-block-spacer\"><\/div>\n\n\n\n<h2 class=\"has-theme-primary-color has-text-color wp-block-heading\">Comitato di SUPERVISIONE<\/h2>\n\n\n\n<p><strong><strong>Il Comitato di Supervisione ha un ruolo strategico di supervisione, gestione e controllo.&nbsp;<\/strong><\/strong><\/p>\n\n\n\n<p>Il suo compito \u00e8 quello di stabilire e monitorare gli obiettivi strategici garantendone la coerenza con le attivit\u00e0, oltre a definire i servizi. Tra le sue responsabilit\u00e0 vi sono lo sviluppo di collaborazioni, programmi di ricerca e la promozione delle progettualit\u00e0 e degli asset di Generator. Ad esso \u00e8 inoltre demandata la definizione di regole per la garanzia di privacy, integrit\u00e0 del dato e valorizzazione della propriet\u00e0 intellettuale.<\/p>\n\n\n\n<p>Il Comitato di Supervisione \u00e8 cos\u00ec composto:<\/p>\n\n\n\n<ul class=\"wp-block-list\"><li>Prof. <strong>Vincenzo Valentini<\/strong>, Chair, Delega IRCCS Big Data<\/li><li>Dr. <strong>Paolo Sergi<\/strong>, Co-Chair, Responsabile ICT<\/li><li>Dr. <strong>Stefano<\/strong> <strong>Patarnello<\/strong>, Chief Operating Officer (COO)<\/li><li>Dr. <strong>Lorenzo Cecchi<\/strong>, UCSC, Direttore di Sede di Roma<\/li><li>Dr. <strong>Federico Recine<\/strong>, FPUAG, Responsabile Data Protection Officer (DPO)<\/li><li>Prof.ssa <strong>Stefania Boccia<\/strong>, IRCCS, Epidemiology and Biostatistics<\/li><li>Dr. <strong>Alfredo Cesario<\/strong>, IRCCS, Open Innovation Manager<\/li><li>Dr. <strong>Marco Ciccozzi<\/strong>, FPUAG, Responsabile Controllo di Gestione<\/li><li>Dr. <strong>Domenico Triarico<\/strong>, IRCCS, Direttore Operativo<\/li><li>Ing. <strong>Giovanni Arcuri<\/strong>, FPUAG, Ingegneria Clinica<\/li><li>Dr. <strong>Luciano Giac\u00f2<\/strong>, IRCCS, Bioinformatics<\/li><li>Dr. <strong>Luca Boldrini<\/strong>, FPUAG, Clinical Strategy<\/li><li>Prof. <strong>Andrea Damiani<\/strong>, AI Strategy, modelli matematici e metodi numerici<\/li><li>Dr.ssa <strong>Camilla Nero<\/strong>, IRCCS, G-Step<\/li><li>Ing. <strong>Tina Pasciuto<\/strong>, IRCCS, Data Collection<\/li><\/ul>\n\n\n\n<div style=\"height:20px\" aria-hidden=\"true\" class=\"wp-block-spacer\"><\/div>\n\n\n\n<hr class=\"wp-block-separator is-style-wide\"\/>\n\n\n\n<div style=\"height:20px\" aria-hidden=\"true\" class=\"wp-block-spacer\"><\/div>\n\n\n\n<h2 class=\"has-theme-primary-color has-text-color wp-block-heading\">Comitato OPERATIVO<\/h2>\n\n\n\n<p><strong><strong>Il Comitato Operativo ha una funzione di coordinamento e monitoraggio delle attivit\u00e0.&nbsp;<\/strong><\/strong><\/p>\n\n\n\n<p>Sua principale responsabilit\u00e0 \u00e8 monitorare tutte le attivit\u00e0 di Generator al fine di garantire la corretta applicazione di quanto stabilito dal Comitato di Supervisione. Specificatamente, esso ratifica l\u2019approvazione delle ricerche al termine dell\u2019iter di richiesta, ne determina la priorit\u00e0 di esecuzione e monitora il corretto utilizzo delle risorse. \u00c8 inoltre sua cura verificare che le procedure di garanzia per la privacy, l\u2019integrit\u00e0 del dato e la propriet\u00e0 intellettuale siano periodicamente monitorate secondo le modalit\u00e0 definite.&nbsp;<\/p>\n\n\n\n<p>Il Comitato Operativo \u00e8 cos\u00ec composto:<\/p>\n\n\n\n<ul class=\"wp-block-list\"><li>Prof. <strong>Vincenzo Valentini<\/strong>, Chair, Delega IRCCS Big Data<\/li><li>Dr. <strong>Stefano Patarnello<\/strong>, Chief Operating Officer (COO)<\/li><li>Dr. <strong>Lorenzo Cecchi<\/strong>, UCSC, Direttore di Sede di Roma<\/li><li>Dr. <strong>Antonio Marchetti<\/strong>, Data Warehouse Manager<\/li><li>Dr. <strong>Alfredo Cesario<\/strong>, IRCCS, Open Innovation Manager<\/li><li>Dr. <strong>Domenico Triarico<\/strong>, IRCCS, Direttore Operativo<\/li><li>Dr. <strong>Gennaro Daniele<\/strong>, IRCCS, Clinical Trial Center<\/li><li>Dr. <strong>Luciano Giac\u00f2<\/strong>, Bioinformatics<\/li><li>Dr. <strong>Luca Boldrini<\/strong>, Radiomica<\/li><li>Prof. <strong>Andrea Damiani<\/strong>, AI Strategy, Modelli matematici e metodi numerici<\/li><li>Ing. <strong>Carlotta Masciocchi<\/strong>, Real World Data<\/li><li>Ing. <strong>Tina Pasciuto<\/strong>, Data Collection<\/li><li>Ing. <strong>Roberta Pastorino<\/strong>, Epidemiology and biostatistics<\/li><\/ul>\n\n\n\n<div style=\"height:20px\" aria-hidden=\"true\" class=\"wp-block-spacer\"><\/div>\n\n\n\n<hr class=\"wp-block-separator is-style-wide\"\/>\n\n\n\n<div style=\"height:20px\" aria-hidden=\"true\" class=\"wp-block-spacer\"><\/div>\n\n\n\n<h3 class=\"has-text-color wp-block-heading\" style=\"color:#005a9b\">PROGRAM MANAGEMENT<\/h3>\n\n\n\n<p><strong><strong>Il Program Management ha un ruolo di gestione, coordinamento e supporto operativo.&nbsp;<\/strong><\/strong><\/p>\n\n\n\n<p>\u00c8 responsabile della pianificazione complessiva del portfolio di attivit\u00e0 di Generator con lo scopo di raggiungere gli obiettivi definiti dal Comitato di Supervisione in modo efficiente. Esso supporta le facilities nella gestione delle progettualit\u00e0, assicurandone il corretto svolgimento. Inoltre, il Program Management ricopre una funzione di coordinamento in attivit\u00e0 che coinvolgono pi\u00f9 facilities.&nbsp;<\/p>\n\n\n\n<div style=\"height:40px\" aria-hidden=\"true\" class=\"wp-block-spacer\"><\/div>\n\n\n\n<h3 class=\"wp-block-heading\" style=\"font-size:18px\">Dr. <strong>Stefano Patarnello<\/strong><\/h3>\n\n\n\n<p>COO. Laureato in fisica, ha ricoperto vari ruoli nel settore dell\u2019Information Technology nel corso della sua carriera in IBM. Ha svolto attivit\u00e0 di ricerca presso il Centro Europeo IBM per l\u2019High Performance Computing (IBM ECSEC), occupandosi di fluidodinamica, meccanica statistica e sistemi complessi, in particolare relativamente al calcolo parallelo e alle reti neuronali con applicazioni in molteplici domini. Successivamente ha contribuito alla realizzazione dei primi Centri di Calcolo in ambito europeo per il \u201cComputing On Demand\u201d e pi\u00f9 recentemente per il \u201cCloud Computing\u201d. Nella sua carriera ha gestito alcune delle principali unit\u00e0 di servizi IT sia in ambito italiano che per IBM Europa, dirigendo negli ultimi 10 anni l\u2019organizzazione degli Infrastructure Services ed Outsourcing Attualmente \u00e8 a capo delle Operations di Gemelli Generator \u2013 Info Science Center.<\/p>\n\n\n\n<h3 class=\"wp-block-heading\" style=\"font-size:18px\">Dr.ssa <strong>Alice<\/strong> Luraschi<\/h3>\n\n\n\n<p>Specializzata in European Project Management. Ha maturato competenze gestionali e di coordinamento lavorando in diversi contesti, tra cui l\u2019Ufficio Europeo di Citt\u00e0 Metropolitana di Roma. Negli ultimi anni ha lavorato in una societ\u00e0 di consulenza in qualit\u00e0 di Responsabile dei progetti Horizon 2020, il programma di finanziamento europeo per la ricerca e l\u2019innovazione. Attualmente ricopre il ruolo di Program Manager in Gemelli Generator \u2013 Info Science Center, occupandosi della pianificazione e della gestione delle attivit\u00e0 di ricerca, dei progetti rete e dei servizi.<\/p>\n\n\n\n<h3 class=\"wp-block-heading\" style=\"font-size:18px\">Dr.ssa <strong>Francesca Romana Lacroce<\/strong><\/h3>\n\n\n\n<p>Laureata in Sociologia con indirizzo Economico, Organizzativo e del Lavoro, ha conseguito un Master in Comunicazione e Marketing e uno in Economia Sanitaria. Ha pi\u00f9 di 10 anni di esperienza nell\u2019ambito sanitario ricoprendo ruoli quali Responsabile Amministrativo del Dipartimento Testa Collo e Responsabile dell\u2019Ufficio Ricoveri Privati \u2013 Gestione Front e Back Office del Policlinico Universitario A Gemelli IRCCS. Attualmente, in qualit\u00e0 di Program Manager di Gemelli Generator \u2013 Info Science Center, si occupa del budget, della comunicazione e dei rapporti col mercato.<\/p>\n","protected":false},"excerpt":{"rendered":"<p>Prof. Vincenzo ValentiniDirettore Scientifico Gemelli Generator, Vice Direttore IRCCS con delega BIG DATA Dr. Stefano PatarnelloChief Operating Officer (COO) Gemelli Generator Le video interviste Prof.&nbsp;Vincenzo Valentini Direttore Scientifico Gemelli Generator, Vice Direttore IRCCS con delega BIG DATA Dr. Stefano Patarnello Chief Operating Officer (COO) Gemelli Generator Prof.&nbsp;Giovanni Scambia Direttore Scientifico IRCCS, Direttore Unit\u00e0 Operativa Ginecologia [&hellip;]<\/p>\n","protected":false},"author":1,"featured_media":0,"parent":538,"menu_order":0,"comment_status":"closed","ping_status":"closed","template":"page-templates\/page-kf-full.php","meta":{"_acf_changed":false,"_coblocks_attr":"","_coblocks_dimensions":"","_coblocks_responsive_height":"","_coblocks_accordion_ie_support":"","_genesis_hide_title":false,"_genesis_hide_breadcrumbs":false,"_genesis_hide_singular_image":false,"_genesis_hide_footer_widgets":false,"_genesis_custom_body_class":"","_genesis_custom_post_class":"","_genesis_layout":"","footnotes":""},"class_list":{"0":"post-530","1":"page","2":"type-page","3":"status-publish","5":"entry"},"acf":[],"yoast_head":"<!-- This site is optimized with the Yoast SEO plugin v27.4 - https:\/\/yoast.com\/product\/yoast-seo-wordpress\/ -->\n<title>Sviluppo Attivit\u00e0 e Ricerca Scientifica | Gemelli Generator<\/title>\n<meta name=\"description\" content=\"Scopri i ruoli della governance del Gemelli Generator: sviluppo d&#039;attivit\u00e0, ricerca scientifica, collaborazioni, coordinamento, monitoraggio, supporto operativo\" \/>\n<meta name=\"robots\" content=\"index, follow, max-snippet:-1, max-image-preview:large, max-video-preview:-1\" \/>\n<link rel=\"canonical\" href=\"https:\/\/gemelligenerator.it\/it\/chi-siamo\/governance\/\" \/>\n<meta property=\"og:locale\" content=\"it_IT\" \/>\n<meta property=\"og:type\" content=\"article\" \/>\n<meta property=\"og:title\" content=\"Sviluppo Attivit\u00e0 e Ricerca Scientifica | Gemelli Generator\" \/>\n<meta property=\"og:description\" content=\"Scopri i ruoli della governance del Gemelli Generator: sviluppo d&#039;attivit\u00e0, ricerca scientifica, collaborazioni, coordinamento, monitoraggio, supporto operativo\" \/>\n<meta property=\"og:url\" content=\"https:\/\/gemelligenerator.it\/it\/chi-siamo\/governance\/\" \/>\n<meta property=\"og:site_name\" content=\"GemelliGenerator\" \/>\n<meta property=\"article:modified_time\" content=\"2022-02-11T09:04:34+00:00\" \/>\n<meta property=\"og:image\" content=\"https:\/\/gemelligenerator.it\/wp-content\/uploads\/2020\/11\/opengraph_gemelli-generator_min.jpg\" \/>\n\t<meta property=\"og:image:width\" content=\"1200\" \/>\n\t<meta property=\"og:image:height\" content=\"627\" \/>\n\t<meta property=\"og:image:type\" content=\"image\/jpeg\" \/>\n<meta name=\"twitter:card\" content=\"summary_large_image\" \/>\n<meta name=\"twitter:label1\" content=\"Tempo di lettura stimato\" \/>\n\t<meta name=\"twitter:data1\" content=\"4 minuti\" \/>\n<script type=\"application\/ld+json\" class=\"yoast-schema-graph\">{\"@context\":\"https:\\\/\\\/schema.org\",\"@graph\":[{\"@type\":\"WebPage\",\"@id\":\"https:\\\/\\\/gemelligenerator.it\\\/it\\\/chi-siamo\\\/governance\\\/\",\"url\":\"https:\\\/\\\/gemelligenerator.it\\\/it\\\/chi-siamo\\\/governance\\\/\",\"name\":\"Sviluppo Attivit\u00e0 e Ricerca Scientifica | Gemelli Generator\",\"isPartOf\":{\"@id\":\"https:\\\/\\\/gemelligenerator.it\\\/it\\\/#website\"},\"datePublished\":\"2020-07-09T10:28:04+00:00\",\"dateModified\":\"2022-02-11T09:04:34+00:00\",\"description\":\"Scopri i ruoli della governance del Gemelli Generator: sviluppo d'attivit\u00e0, ricerca scientifica, collaborazioni, coordinamento, monitoraggio, supporto operativo\",\"breadcrumb\":{\"@id\":\"https:\\\/\\\/gemelligenerator.it\\\/it\\\/chi-siamo\\\/governance\\\/#breadcrumb\"},\"inLanguage\":\"it-IT\",\"potentialAction\":[{\"@type\":\"ReadAction\",\"target\":[\"https:\\\/\\\/gemelligenerator.it\\\/it\\\/chi-siamo\\\/governance\\\/\"]}]},{\"@type\":\"BreadcrumbList\",\"@id\":\"https:\\\/\\\/gemelligenerator.it\\\/it\\\/chi-siamo\\\/governance\\\/#breadcrumb\",\"itemListElement\":[{\"@type\":\"ListItem\",\"position\":1,\"name\":\"Home\",\"item\":\"https:\\\/\\\/gemelligenerator.it\\\/it\\\/\"},{\"@type\":\"ListItem\",\"position\":2,\"name\":\"Chi siamo\",\"item\":\"https:\\\/\\\/www.gemelligenerator.it\\\/it\\\/chi-siamo\\\/\"},{\"@type\":\"ListItem\",\"position\":3,\"name\":\"Governance\"}]},{\"@type\":\"WebSite\",\"@id\":\"https:\\\/\\\/gemelligenerator.it\\\/it\\\/#website\",\"url\":\"https:\\\/\\\/gemelligenerator.it\\\/it\\\/\",\"name\":\"GemelliGenerator\",\"description\":\"\",\"publisher\":{\"@id\":\"https:\\\/\\\/gemelligenerator.it\\\/it\\\/#organization\"},\"potentialAction\":[{\"@type\":\"SearchAction\",\"target\":{\"@type\":\"EntryPoint\",\"urlTemplate\":\"https:\\\/\\\/gemelligenerator.it\\\/it\\\/?s={search_term_string}\"},\"query-input\":{\"@type\":\"PropertyValueSpecification\",\"valueRequired\":true,\"valueName\":\"search_term_string\"}}],\"inLanguage\":\"it-IT\"},{\"@type\":\"Organization\",\"@id\":\"https:\\\/\\\/gemelligenerator.it\\\/it\\\/#organization\",\"name\":\"GemelliGenerator\",\"url\":\"https:\\\/\\\/gemelligenerator.it\\\/it\\\/\",\"logo\":{\"@type\":\"ImageObject\",\"inLanguage\":\"it-IT\",\"@id\":\"https:\\\/\\\/gemelligenerator.it\\\/it\\\/#\\\/schema\\\/logo\\\/image\\\/\",\"url\":\"https:\\\/\\\/gemelligenerator.it\\\/wp-content\\\/uploads\\\/2020\\\/06\\\/gem-gen-logo.png\",\"contentUrl\":\"https:\\\/\\\/gemelligenerator.it\\\/wp-content\\\/uploads\\\/2020\\\/06\\\/gem-gen-logo.png\",\"width\":701,\"height\":145,\"caption\":\"GemelliGenerator\"},\"image\":{\"@id\":\"https:\\\/\\\/gemelligenerator.it\\\/it\\\/#\\\/schema\\\/logo\\\/image\\\/\"}}]}<\/script>\n<!-- \/ Yoast SEO plugin. -->","yoast_head_json":{"title":"Sviluppo Attivit\u00e0 e Ricerca Scientifica | Gemelli Generator","description":"Scopri i ruoli della governance del Gemelli Generator: sviluppo d'attivit\u00e0, ricerca scientifica, collaborazioni, coordinamento, monitoraggio, supporto operativo","robots":{"index":"index","follow":"follow","max-snippet":"max-snippet:-1","max-image-preview":"max-image-preview:large","max-video-preview":"max-video-preview:-1"},"canonical":"https:\/\/gemelligenerator.it\/it\/chi-siamo\/governance\/","og_locale":"it_IT","og_type":"article","og_title":"Sviluppo Attivit\u00e0 e Ricerca Scientifica | Gemelli Generator","og_description":"Scopri i ruoli della governance del Gemelli Generator: sviluppo d'attivit\u00e0, ricerca scientifica, collaborazioni, coordinamento, monitoraggio, supporto operativo","og_url":"https:\/\/gemelligenerator.it\/it\/chi-siamo\/governance\/","og_site_name":"GemelliGenerator","article_modified_time":"2022-02-11T09:04:34+00:00","og_image":[{"width":1200,"height":627,"url":"https:\/\/gemelligenerator.it\/wp-content\/uploads\/2020\/11\/opengraph_gemelli-generator_min.jpg","type":"image\/jpeg"}],"twitter_card":"summary_large_image","twitter_misc":{"Tempo di lettura stimato":"4 minuti"},"schema":{"@context":"https:\/\/schema.org","@graph":[{"@type":"WebPage","@id":"https:\/\/gemelligenerator.it\/it\/chi-siamo\/governance\/","url":"https:\/\/gemelligenerator.it\/it\/chi-siamo\/governance\/","name":"Sviluppo Attivit\u00e0 e Ricerca Scientifica | Gemelli Generator","isPartOf":{"@id":"https:\/\/gemelligenerator.it\/it\/#website"},"datePublished":"2020-07-09T10:28:04+00:00","dateModified":"2022-02-11T09:04:34+00:00","description":"Scopri i ruoli della governance del Gemelli Generator: sviluppo d'attivit\u00e0, ricerca scientifica, collaborazioni, coordinamento, monitoraggio, supporto operativo","breadcrumb":{"@id":"https:\/\/gemelligenerator.it\/it\/chi-siamo\/governance\/#breadcrumb"},"inLanguage":"it-IT","potentialAction":[{"@type":"ReadAction","target":["https:\/\/gemelligenerator.it\/it\/chi-siamo\/governance\/"]}]},{"@type":"BreadcrumbList","@id":"https:\/\/gemelligenerator.it\/it\/chi-siamo\/governance\/#breadcrumb","itemListElement":[{"@type":"ListItem","position":1,"name":"Home","item":"https:\/\/gemelligenerator.it\/it\/"},{"@type":"ListItem","position":2,"name":"Chi siamo","item":"https:\/\/www.gemelligenerator.it\/it\/chi-siamo\/"},{"@type":"ListItem","position":3,"name":"Governance"}]},{"@type":"WebSite","@id":"https:\/\/gemelligenerator.it\/it\/#website","url":"https:\/\/gemelligenerator.it\/it\/","name":"GemelliGenerator","description":"","publisher":{"@id":"https:\/\/gemelligenerator.it\/it\/#organization"},"potentialAction":[{"@type":"SearchAction","target":{"@type":"EntryPoint","urlTemplate":"https:\/\/gemelligenerator.it\/it\/?s={search_term_string}"},"query-input":{"@type":"PropertyValueSpecification","valueRequired":true,"valueName":"search_term_string"}}],"inLanguage":"it-IT"},{"@type":"Organization","@id":"https:\/\/gemelligenerator.it\/it\/#organization","name":"GemelliGenerator","url":"https:\/\/gemelligenerator.it\/it\/","logo":{"@type":"ImageObject","inLanguage":"it-IT","@id":"https:\/\/gemelligenerator.it\/it\/#\/schema\/logo\/image\/","url":"https:\/\/gemelligenerator.it\/wp-content\/uploads\/2020\/06\/gem-gen-logo.png","contentUrl":"https:\/\/gemelligenerator.it\/wp-content\/uploads\/2020\/06\/gem-gen-logo.png","width":701,"height":145,"caption":"GemelliGenerator"},"image":{"@id":"https:\/\/gemelligenerator.it\/it\/#\/schema\/logo\/image\/"}}]}},"featured_image_src":null,"featured_image_src_square":null,"_links":{"self":[{"href":"https:\/\/gemelligenerator.it\/it\/wp-json\/wp\/v2\/pages\/530","targetHints":{"allow":["GET"]}}],"collection":[{"href":"https:\/\/gemelligenerator.it\/it\/wp-json\/wp\/v2\/pages"}],"about":[{"href":"https:\/\/gemelligenerator.it\/it\/wp-json\/wp\/v2\/types\/page"}],"author":[{"embeddable":true,"href":"https:\/\/gemelligenerator.it\/it\/wp-json\/wp\/v2\/users\/1"}],"replies":[{"embeddable":true,"href":"https:\/\/gemelligenerator.it\/it\/wp-json\/wp\/v2\/comments?post=530"}],"version-history":[{"count":4,"href":"https:\/\/gemelligenerator.it\/it\/wp-json\/wp\/v2\/pages\/530\/revisions"}],"predecessor-version":[{"id":4722,"href":"https:\/\/gemelligenerator.it\/it\/wp-json\/wp\/v2\/pages\/530\/revisions\/4722"}],"up":[{"embeddable":true,"href":"https:\/\/gemelligenerator.it\/it\/wp-json\/wp\/v2\/pages\/538"}],"wp:attachment":[{"href":"https:\/\/gemelligenerator.it\/it\/wp-json\/wp\/v2\/media?parent=530"}],"curies":[{"name":"wp","href":"https:\/\/api.w.org\/{rel}","templated":true}]}}